{"id":4613,"date":"2025-11-15T23:40:22","date_gmt":"2025-11-15T22:40:22","guid":{"rendered":"https:\/\/www.3devolution.it\/?post_type=product&#038;p=4613"},"modified":"2025-11-15T23:41:32","modified_gmt":"2025-11-15T22:41:32","slug":"pla-cf-azzurro-1-kg-o-175mm-copia","status":"publish","type":"product","link":"https:\/\/www.3devolution.it\/index.php\/product\/pla-cf-azzurro-1-kg-o-175mm-copia\/","title":{"rendered":"PLA CF AZZURRO (1 kg. \u00d8 1,75mm.)"},"content":{"rendered":"<div id=\"tab-product-description\" class=\"ui-tabs-panel ui-widget-content ui-corner-bottom\">\n<div class=\"description\">\n<p>nostro <strong>PLA con fibre di carbonio<\/strong> offre caratteristiche superiori rispetto al PLA standard, in particolare riguardo la <strong>resistenza meccanica e le qualit\u00e0 superficiali<\/strong>. Le fibre di carbonio rendono il materiale pi\u00f9 rigido, minimizzando i ritiri in fase di stampa.<\/p>\n<p>La sua finitura matte \u00e8 in grado di mascherare perfettamente i layer. PLA CF by Filoalfa \u00e8 disponibile in <strong>tre tonalit\u00e0<\/strong>: Nero, azzurro e rosso, in grado di dare un look tecnico alle tue stampe.<\/p>\n<p>PLA CF \u00e8 estremamente facile da stampare ma, data l\u2019abrasivit\u00e0 delle fibre di carbonio, consigliamo di usare ugelli in acciaio o rivestiti.<\/p>\n<\/div>\n<\/div>\n<div class=\"col-md-5\">\n<div id=\"product-description-short-587\" class=\"product-description-short mb-3 \">\n<div><strong>+ Ottima finitura superficiale<\/strong><\/div>\n<div><strong>+ Facile da stampare<br \/>\n<\/strong><\/div>\n<div><strong>+ Pi\u00f9 rigido e resistente del PLA<\/strong><\/div>\n<div><strong>+ <\/strong><strong>Atossico e inodore<\/strong><\/div>\n<\/div>\n<\/div>\n","protected":false},"excerpt":{"rendered":"<p>nostro PLA con fibre di carbonio offre caratteristiche superiori rispetto al PLA standard, in particolare riguardo la resistenza meccanica e le qualit\u00e0 superficiali. Le fibre di carbonio rendono il materiale pi\u00f9 rigido, minimizzando i ritiri in fase di stampa. La sua finitura matte \u00e8 in grado di mascherare perfettamente i layer. PLA CF by Filoalfa<\/p>\n","protected":false},"featured_media":4610,"comment_status":"open","ping_status":"closed","template":"","meta":{"jetpack_post_was_ever_published":false,"jetpack_publicize_message":"","jetpack_publicize_feature_enabled":true,"jetpack_social_post_already_shared":true,"jetpack_social_options":{"image_generator_settings":{"template":"highway","enabled":false},"version":2}},"product_brand":[],"product_cat":[60,62],"product_tag":[],"class_list":{"0":"post-4613","1":"product","2":"type-product","3":"status-publish","4":"has-post-thumbnail","6":"product_cat-filamenti","7":"product_cat-pla","9":"first","10":"instock","11":"taxable","12":"shipping-taxable","13":"purchasable","14":"product-type-simple"},"jetpack_publicize_connections":[],"yoast_head":"<!-- This site is optimized with the Yoast SEO plugin v24.5 - https:\/\/yoast.com\/wordpress\/plugins\/seo\/ -->\n<title>PLA CF AZZURRO (1 kg. \u00d8 1,75mm.) - 3Devolution<\/title>\n<meta name=\"robots\" content=\"index, follow, max-snippet:-1, max-image-preview:large, max-video-preview:-1\" \/>\n<link rel=\"canonical\" href=\"https:\/\/www.3devolution.it\/index.php\/product\/pla-cf-azzurro-1-kg-o-175mm-copia\/\" \/>\n<meta property=\"og:locale\" content=\"it_IT\" \/>\n<meta property=\"og:type\" content=\"article\" \/>\n<meta property=\"og:title\" content=\"PLA CF AZZURRO (1 kg. \u00d8 1,75mm.) - 3Devolution\" \/>\n<meta property=\"og:description\" content=\"nostro PLA con fibre di carbonio offre caratteristiche superiori rispetto al PLA standard, in particolare riguardo la resistenza meccanica e le qualit\u00e0 superficiali. Le fibre di carbonio rendono il materiale pi\u00f9 rigido, minimizzando i ritiri in fase di stampa. La sua finitura matte \u00e8 in grado di mascherare perfettamente i layer. PLA CF by Filoalfa\" \/>\n<meta property=\"og:url\" content=\"https:\/\/www.3devolution.it\/index.php\/product\/pla-cf-azzurro-1-kg-o-175mm-copia\/\" \/>\n<meta property=\"og:site_name\" content=\"3Devolution\" \/>\n<meta property=\"article:publisher\" content=\"https:\/\/www.facebook.com\/3devolution-1474000779504098\/\" \/>\n<meta property=\"article:modified_time\" content=\"2025-11-15T22:41:32+00:00\" \/>\n<meta property=\"og:image\" content=\"https:\/\/www.3devolution.it\/wp-content\/uploads\/2025\/11\/pla-cf-2.jpg\" \/>\n\t<meta property=\"og:image:width\" content=\"2058\" \/>\n\t<meta property=\"og:image:height\" content=\"1372\" \/>\n\t<meta property=\"og:image:type\" content=\"image\/jpeg\" \/>\n<meta name=\"twitter:card\" content=\"summary_large_image\" \/>\n<meta name=\"twitter:label1\" content=\"Tempo di lettura stimato\" \/>\n\t<meta name=\"twitter:data1\" content=\"1 minuto\" \/>\n<script type=\"application\/ld+json\" class=\"yoast-schema-graph\">{\"@context\":\"https:\/\/schema.org\",\"@graph\":[{\"@type\":\"WebPage\",\"@id\":\"https:\/\/www.3devolution.it\/index.php\/product\/pla-cf-azzurro-1-kg-o-175mm-copia\/\",\"url\":\"https:\/\/www.3devolution.it\/index.php\/product\/pla-cf-azzurro-1-kg-o-175mm-copia\/\",\"name\":\"PLA CF AZZURRO (1 kg. \u00d8 1,75mm.) - 3Devolution\",\"isPartOf\":{\"@id\":\"https:\/\/www.3devolution.it\/#website\"},\"primaryImageOfPage\":{\"@id\":\"https:\/\/www.3devolution.it\/index.php\/product\/pla-cf-azzurro-1-kg-o-175mm-copia\/#primaryimage\"},\"image\":{\"@id\":\"https:\/\/www.3devolution.it\/index.php\/product\/pla-cf-azzurro-1-kg-o-175mm-copia\/#primaryimage\"},\"thumbnailUrl\":\"https:\/\/www.3devolution.it\/wp-content\/uploads\/2025\/11\/pla-cf-2.jpg\",\"datePublished\":\"2025-11-15T22:40:22+00:00\",\"dateModified\":\"2025-11-15T22:41:32+00:00\",\"breadcrumb\":{\"@id\":\"https:\/\/www.3devolution.it\/index.php\/product\/pla-cf-azzurro-1-kg-o-175mm-copia\/#breadcrumb\"},\"inLanguage\":\"it-IT\",\"potentialAction\":[{\"@type\":\"ReadAction\",\"target\":[\"https:\/\/www.3devolution.it\/index.php\/product\/pla-cf-azzurro-1-kg-o-175mm-copia\/\"]}]},{\"@type\":\"ImageObject\",\"inLanguage\":\"it-IT\",\"@id\":\"https:\/\/www.3devolution.it\/index.php\/product\/pla-cf-azzurro-1-kg-o-175mm-copia\/#primaryimage\",\"url\":\"https:\/\/www.3devolution.it\/wp-content\/uploads\/2025\/11\/pla-cf-2.jpg\",\"contentUrl\":\"https:\/\/www.3devolution.it\/wp-content\/uploads\/2025\/11\/pla-cf-2.jpg\",\"width\":2058,\"height\":1372},{\"@type\":\"BreadcrumbList\",\"@id\":\"https:\/\/www.3devolution.it\/index.php\/product\/pla-cf-azzurro-1-kg-o-175mm-copia\/#breadcrumb\",\"itemListElement\":[{\"@type\":\"ListItem\",\"position\":1,\"name\":\"Home\",\"item\":\"https:\/\/www.3devolution.it\/\"},{\"@type\":\"ListItem\",\"position\":2,\"name\":\"Shop\",\"item\":\"https:\/\/www.3devolution.it\/index.php\/negozio\/\"},{\"@type\":\"ListItem\",\"position\":3,\"name\":\"PLA CF AZZURRO (1 kg. \u00d8 1,75mm.)\"}]},{\"@type\":\"WebSite\",\"@id\":\"https:\/\/www.3devolution.it\/#website\",\"url\":\"https:\/\/www.3devolution.it\/\",\"name\":\"3Devolution\",\"description\":\"Tutto per la stampa 3d, filamenti, stampanti 3d\",\"potentialAction\":[{\"@type\":\"SearchAction\",\"target\":{\"@type\":\"EntryPoint\",\"urlTemplate\":\"https:\/\/www.3devolution.it\/?s={search_term_string}\"},\"query-input\":{\"@type\":\"PropertyValueSpecification\",\"valueRequired\":true,\"valueName\":\"search_term_string\"}}],\"inLanguage\":\"it-IT\"}]}<\/script>\n<!-- \/ Yoast SEO plugin. -->","yoast_head_json":{"title":"PLA CF AZZURRO (1 kg. \u00d8 1,75mm.) - 3Devolution","robots":{"index":"index","follow":"follow","max-snippet":"max-snippet:-1","max-image-preview":"max-image-preview:large","max-video-preview":"max-video-preview:-1"},"canonical":"https:\/\/www.3devolution.it\/index.php\/product\/pla-cf-azzurro-1-kg-o-175mm-copia\/","og_locale":"it_IT","og_type":"article","og_title":"PLA CF AZZURRO (1 kg. \u00d8 1,75mm.) - 3Devolution","og_description":"nostro PLA con fibre di carbonio offre caratteristiche superiori rispetto al PLA standard, in particolare riguardo la resistenza meccanica e le qualit\u00e0 superficiali. Le fibre di carbonio rendono il materiale pi\u00f9 rigido, minimizzando i ritiri in fase di stampa. La sua finitura matte \u00e8 in grado di mascherare perfettamente i layer. PLA CF by Filoalfa","og_url":"https:\/\/www.3devolution.it\/index.php\/product\/pla-cf-azzurro-1-kg-o-175mm-copia\/","og_site_name":"3Devolution","article_publisher":"https:\/\/www.facebook.com\/3devolution-1474000779504098\/","article_modified_time":"2025-11-15T22:41:32+00:00","og_image":[{"width":2058,"height":1372,"url":"https:\/\/www.3devolution.it\/wp-content\/uploads\/2025\/11\/pla-cf-2.jpg","type":"image\/jpeg"}],"twitter_card":"summary_large_image","twitter_misc":{"Tempo di lettura stimato":"1 minuto"},"schema":{"@context":"https:\/\/schema.org","@graph":[{"@type":"WebPage","@id":"https:\/\/www.3devolution.it\/index.php\/product\/pla-cf-azzurro-1-kg-o-175mm-copia\/","url":"https:\/\/www.3devolution.it\/index.php\/product\/pla-cf-azzurro-1-kg-o-175mm-copia\/","name":"PLA CF AZZURRO (1 kg. \u00d8 1,75mm.) - 3Devolution","isPartOf":{"@id":"https:\/\/www.3devolution.it\/#website"},"primaryImageOfPage":{"@id":"https:\/\/www.3devolution.it\/index.php\/product\/pla-cf-azzurro-1-kg-o-175mm-copia\/#primaryimage"},"image":{"@id":"https:\/\/www.3devolution.it\/index.php\/product\/pla-cf-azzurro-1-kg-o-175mm-copia\/#primaryimage"},"thumbnailUrl":"https:\/\/www.3devolution.it\/wp-content\/uploads\/2025\/11\/pla-cf-2.jpg","datePublished":"2025-11-15T22:40:22+00:00","dateModified":"2025-11-15T22:41:32+00:00","breadcrumb":{"@id":"https:\/\/www.3devolution.it\/index.php\/product\/pla-cf-azzurro-1-kg-o-175mm-copia\/#breadcrumb"},"inLanguage":"it-IT","potentialAction":[{"@type":"ReadAction","target":["https:\/\/www.3devolution.it\/index.php\/product\/pla-cf-azzurro-1-kg-o-175mm-copia\/"]}]},{"@type":"ImageObject","inLanguage":"it-IT","@id":"https:\/\/www.3devolution.it\/index.php\/product\/pla-cf-azzurro-1-kg-o-175mm-copia\/#primaryimage","url":"https:\/\/www.3devolution.it\/wp-content\/uploads\/2025\/11\/pla-cf-2.jpg","contentUrl":"https:\/\/www.3devolution.it\/wp-content\/uploads\/2025\/11\/pla-cf-2.jpg","width":2058,"height":1372},{"@type":"BreadcrumbList","@id":"https:\/\/www.3devolution.it\/index.php\/product\/pla-cf-azzurro-1-kg-o-175mm-copia\/#breadcrumb","itemListElement":[{"@type":"ListItem","position":1,"name":"Home","item":"https:\/\/www.3devolution.it\/"},{"@type":"ListItem","position":2,"name":"Shop","item":"https:\/\/www.3devolution.it\/index.php\/negozio\/"},{"@type":"ListItem","position":3,"name":"PLA CF AZZURRO (1 kg. \u00d8 1,75mm.)"}]},{"@type":"WebSite","@id":"https:\/\/www.3devolution.it\/#website","url":"https:\/\/www.3devolution.it\/","name":"3Devolution","description":"Tutto per la stampa 3d, filamenti, stampanti 3d","potentialAction":[{"@type":"SearchAction","target":{"@type":"EntryPoint","urlTemplate":"https:\/\/www.3devolution.it\/?s={search_term_string}"},"query-input":{"@type":"PropertyValueSpecification","valueRequired":true,"valueName":"search_term_string"}}],"inLanguage":"it-IT"}]}},"jetpack_sharing_enabled":true,"_links":{"self":[{"href":"https:\/\/www.3devolution.it\/index.php\/wp-json\/wp\/v2\/product\/4613","targetHints":{"allow":["GET"]}}],"collection":[{"href":"https:\/\/www.3devolution.it\/index.php\/wp-json\/wp\/v2\/product"}],"about":[{"href":"https:\/\/www.3devolution.it\/index.php\/wp-json\/wp\/v2\/types\/product"}],"replies":[{"embeddable":true,"href":"https:\/\/www.3devolution.it\/index.php\/wp-json\/wp\/v2\/comments?post=4613"}],"wp:featuredmedia":[{"embeddable":true,"href":"https:\/\/www.3devolution.it\/index.php\/wp-json\/wp\/v2\/media\/4610"}],"wp:attachment":[{"href":"https:\/\/www.3devolution.it\/index.php\/wp-json\/wp\/v2\/media?parent=4613"}],"wp:term":[{"taxonomy":"product_brand","embeddable":true,"href":"https:\/\/www.3devolution.it\/index.php\/wp-json\/wp\/v2\/product_brand?post=4613"},{"taxonomy":"product_cat","embeddable":true,"href":"https:\/\/www.3devolution.it\/index.php\/wp-json\/wp\/v2\/product_cat?post=4613"},{"taxonomy":"product_tag","embeddable":true,"href":"https:\/\/www.3devolution.it\/index.php\/wp-json\/wp\/v2\/product_tag?post=4613"}],"curies":[{"name":"wp","href":"https:\/\/api.w.org\/{rel}","templated":true}]}}