{"id":4462,"date":"2024-01-01T23:20:08","date_gmt":"2024-01-01T22:20:08","guid":{"rendered":"http:\/\/www.3devolution.it\/?post_type=product&#038;p=4462"},"modified":"2024-03-19T18:22:56","modified_gmt":"2024-03-19T17:22:56","slug":"alfateiko-cf-1-kg-o-175","status":"publish","type":"product","link":"https:\/\/www.3devolution.it\/index.php\/product\/alfateiko-cf-1-kg-o-175\/","title":{"rendered":"ALFATEIKO CF  (1 kg &#8211; \u00d8 1,75)"},"content":{"rendered":"<p><strong><img loading=\"lazy\" decoding=\"async\" class=\"alignnone size-full wp-image-4467\" src=\"https:\/\/www.3devolution.it\/wp-content\/uploads\/2024\/01\/Schermata-2024-01-01-alle-23.16.58-1.png\" alt=\"\" width=\"2678\" height=\"1234\" srcset=\"https:\/\/www.3devolution.it\/wp-content\/uploads\/2024\/01\/Schermata-2024-01-01-alle-23.16.58-1.png 2678w, https:\/\/www.3devolution.it\/wp-content\/uploads\/2024\/01\/Schermata-2024-01-01-alle-23.16.58-1-300x138.png 300w, https:\/\/www.3devolution.it\/wp-content\/uploads\/2024\/01\/Schermata-2024-01-01-alle-23.16.58-1-1024x472.png 1024w, https:\/\/www.3devolution.it\/wp-content\/uploads\/2024\/01\/Schermata-2024-01-01-alle-23.16.58-1-768x354.png 768w, https:\/\/www.3devolution.it\/wp-content\/uploads\/2024\/01\/Schermata-2024-01-01-alle-23.16.58-1-1536x708.png 1536w, https:\/\/www.3devolution.it\/wp-content\/uploads\/2024\/01\/Schermata-2024-01-01-alle-23.16.58-1-2048x944.png 2048w, https:\/\/www.3devolution.it\/wp-content\/uploads\/2024\/01\/Schermata-2024-01-01-alle-23.16.58-1-600x276.png 600w\" sizes=\"auto, (max-width: 2678px) 100vw, 2678px\" \/>ALFATEIKO CF <\/strong>\u00e8 un filamento termoplastico in PPS, tra i pi\u00f9 nobili e performanti in assoluto, la soluzione per tutte le sfide nella stampa 3D.<\/p>\n<p><strong>ALFATEIKO CF\u00a0<\/strong>garantisce un\u2019eccellente adesione tra gli strati, prevenendo la delaminazione e assicurando ritiri minimi durante il processo di stampa e ottima stabilit\u00e0 dimensionale.<\/p>\n<p>Resistente al calore, chimicamente inerte, facile da stampare e post-producibile!<br \/>\nPreparati a esplorare un nuovo standard con <strong>ALFATEIKO CF<\/strong>. Unisciti a noi in questa avventura dove la tecnologia si fonde con la precisione, trasformando le tue idee in componenti pronti per il futuro!<\/p>\n<p>&nbsp;<\/p>\n<div class=\"col-md-5\">\n<div id=\"product-description-short-553\" class=\"product-description-short mb-3 \">\n<div>\n<ul>\n<li>Chimicamente inerte<\/li>\n<li>Autoestinguente<\/li>\n<li>Resistente alle alte temperature<\/li>\n<li>Post lavorabile<\/li>\n<\/ul>\n<p><img loading=\"lazy\" decoding=\"async\" class=\"alignnone size-full wp-image-4468\" src=\"https:\/\/www.3devolution.it\/wp-content\/uploads\/2024\/01\/Schermata-2024-01-01-alle-23.34.22.png\" alt=\"\" width=\"1560\" height=\"318\" srcset=\"https:\/\/www.3devolution.it\/wp-content\/uploads\/2024\/01\/Schermata-2024-01-01-alle-23.34.22.png 1560w, https:\/\/www.3devolution.it\/wp-content\/uploads\/2024\/01\/Schermata-2024-01-01-alle-23.34.22-300x61.png 300w, https:\/\/www.3devolution.it\/wp-content\/uploads\/2024\/01\/Schermata-2024-01-01-alle-23.34.22-1024x209.png 1024w, https:\/\/www.3devolution.it\/wp-content\/uploads\/2024\/01\/Schermata-2024-01-01-alle-23.34.22-768x157.png 768w, https:\/\/www.3devolution.it\/wp-content\/uploads\/2024\/01\/Schermata-2024-01-01-alle-23.34.22-1536x313.png 1536w, https:\/\/www.3devolution.it\/wp-content\/uploads\/2024\/01\/Schermata-2024-01-01-alle-23.34.22-600x122.png 600w\" sizes=\"auto, (max-width: 1560px) 100vw, 1560px\" \/><\/p>\n<\/div>\n<\/div>\n<\/div>\n","protected":false},"excerpt":{"rendered":"<p>ALFATEIKO CF \u00e8 un filamento termoplastico in PPS, tra i pi\u00f9 nobili e performanti in assoluto, la soluzione per tutte le sfide nella stampa 3D. ALFATEIKO CF\u00a0garantisce un\u2019eccellente adesione tra gli strati, prevenendo la delaminazione e assicurando ritiri minimi durante il processo di stampa e ottima stabilit\u00e0 dimensionale. Resistente al calore, chimicamente inerte, facile da<\/p>\n","protected":false},"featured_media":4465,"comment_status":"open","ping_status":"closed","template":"","meta":{"jetpack_post_was_ever_published":false,"jetpack_publicize_message":"","jetpack_publicize_feature_enabled":true,"jetpack_social_post_already_shared":true,"jetpack_social_options":{"image_generator_settings":{"template":"highway","enabled":false},"version":2}},"product_brand":[],"product_cat":[60,103],"product_tag":[],"class_list":{"0":"post-4462","1":"product","2":"type-product","3":"status-publish","4":"has-post-thumbnail","6":"product_cat-filamenti","7":"product_cat-speciali","9":"first","10":"instock","11":"taxable","12":"shipping-taxable","13":"purchasable","14":"product-type-simple"},"jetpack_publicize_connections":[],"yoast_head":"<!-- This site is optimized with the Yoast SEO plugin v24.5 - https:\/\/yoast.com\/wordpress\/plugins\/seo\/ -->\n<title>ALFATEIKO CF (1 kg - \u00d8 1,75) - 3Devolution<\/title>\n<meta name=\"robots\" content=\"index, follow, max-snippet:-1, max-image-preview:large, max-video-preview:-1\" \/>\n<link rel=\"canonical\" href=\"https:\/\/www.3devolution.it\/index.php\/product\/alfateiko-cf-1-kg-o-175\/\" \/>\n<meta property=\"og:locale\" content=\"it_IT\" \/>\n<meta property=\"og:type\" content=\"article\" \/>\n<meta property=\"og:title\" content=\"ALFATEIKO CF (1 kg - \u00d8 1,75) - 3Devolution\" \/>\n<meta property=\"og:description\" content=\"ALFATEIKO CF \u00e8 un filamento termoplastico in PPS, tra i pi\u00f9 nobili e performanti in assoluto, la soluzione per tutte le sfide nella stampa 3D. ALFATEIKO CF\u00a0garantisce un\u2019eccellente adesione tra gli strati, prevenendo la delaminazione e assicurando ritiri minimi durante il processo di stampa e ottima stabilit\u00e0 dimensionale. Resistente al calore, chimicamente inerte, facile da\" \/>\n<meta property=\"og:url\" content=\"https:\/\/www.3devolution.it\/index.php\/product\/alfateiko-cf-1-kg-o-175\/\" \/>\n<meta property=\"og:site_name\" content=\"3Devolution\" \/>\n<meta property=\"article:publisher\" content=\"https:\/\/www.facebook.com\/3devolution-1474000779504098\/\" \/>\n<meta property=\"article:modified_time\" content=\"2024-03-19T17:22:56+00:00\" \/>\n<meta property=\"og:image\" content=\"https:\/\/www.3devolution.it\/wp-content\/uploads\/2024\/01\/alfateiko-pps-cf.jpg\" \/>\n\t<meta property=\"og:image:width\" content=\"2058\" \/>\n\t<meta property=\"og:image:height\" content=\"1372\" \/>\n\t<meta property=\"og:image:type\" content=\"image\/jpeg\" \/>\n<meta name=\"twitter:card\" content=\"summary_large_image\" \/>\n<meta name=\"twitter:label1\" content=\"Tempo di lettura stimato\" \/>\n\t<meta name=\"twitter:data1\" content=\"1 minuto\" \/>\n<script type=\"application\/ld+json\" class=\"yoast-schema-graph\">{\"@context\":\"https:\/\/schema.org\",\"@graph\":[{\"@type\":\"WebPage\",\"@id\":\"https:\/\/www.3devolution.it\/index.php\/product\/alfateiko-cf-1-kg-o-175\/\",\"url\":\"https:\/\/www.3devolution.it\/index.php\/product\/alfateiko-cf-1-kg-o-175\/\",\"name\":\"ALFATEIKO CF (1 kg - \u00d8 1,75) - 3Devolution\",\"isPartOf\":{\"@id\":\"https:\/\/www.3devolution.it\/#website\"},\"primaryImageOfPage\":{\"@id\":\"https:\/\/www.3devolution.it\/index.php\/product\/alfateiko-cf-1-kg-o-175\/#primaryimage\"},\"image\":{\"@id\":\"https:\/\/www.3devolution.it\/index.php\/product\/alfateiko-cf-1-kg-o-175\/#primaryimage\"},\"thumbnailUrl\":\"https:\/\/www.3devolution.it\/wp-content\/uploads\/2024\/01\/alfateiko-pps-cf.jpg\",\"datePublished\":\"2024-01-01T22:20:08+00:00\",\"dateModified\":\"2024-03-19T17:22:56+00:00\",\"breadcrumb\":{\"@id\":\"https:\/\/www.3devolution.it\/index.php\/product\/alfateiko-cf-1-kg-o-175\/#breadcrumb\"},\"inLanguage\":\"it-IT\",\"potentialAction\":[{\"@type\":\"ReadAction\",\"target\":[\"https:\/\/www.3devolution.it\/index.php\/product\/alfateiko-cf-1-kg-o-175\/\"]}]},{\"@type\":\"ImageObject\",\"inLanguage\":\"it-IT\",\"@id\":\"https:\/\/www.3devolution.it\/index.php\/product\/alfateiko-cf-1-kg-o-175\/#primaryimage\",\"url\":\"https:\/\/www.3devolution.it\/wp-content\/uploads\/2024\/01\/alfateiko-pps-cf.jpg\",\"contentUrl\":\"https:\/\/www.3devolution.it\/wp-content\/uploads\/2024\/01\/alfateiko-pps-cf.jpg\",\"width\":2058,\"height\":1372},{\"@type\":\"BreadcrumbList\",\"@id\":\"https:\/\/www.3devolution.it\/index.php\/product\/alfateiko-cf-1-kg-o-175\/#breadcrumb\",\"itemListElement\":[{\"@type\":\"ListItem\",\"position\":1,\"name\":\"Home\",\"item\":\"https:\/\/www.3devolution.it\/\"},{\"@type\":\"ListItem\",\"position\":2,\"name\":\"Shop\",\"item\":\"https:\/\/www.3devolution.it\/index.php\/negozio\/\"},{\"@type\":\"ListItem\",\"position\":3,\"name\":\"ALFATEIKO CF (1 kg &#8211; \u00d8 1,75)\"}]},{\"@type\":\"WebSite\",\"@id\":\"https:\/\/www.3devolution.it\/#website\",\"url\":\"https:\/\/www.3devolution.it\/\",\"name\":\"3Devolution\",\"description\":\"Tutto per la stampa 3d, filamenti, stampanti 3d\",\"potentialAction\":[{\"@type\":\"SearchAction\",\"target\":{\"@type\":\"EntryPoint\",\"urlTemplate\":\"https:\/\/www.3devolution.it\/?s={search_term_string}\"},\"query-input\":{\"@type\":\"PropertyValueSpecification\",\"valueRequired\":true,\"valueName\":\"search_term_string\"}}],\"inLanguage\":\"it-IT\"}]}<\/script>\n<!-- \/ Yoast SEO plugin. -->","yoast_head_json":{"title":"ALFATEIKO CF (1 kg - \u00d8 1,75) - 3Devolution","robots":{"index":"index","follow":"follow","max-snippet":"max-snippet:-1","max-image-preview":"max-image-preview:large","max-video-preview":"max-video-preview:-1"},"canonical":"https:\/\/www.3devolution.it\/index.php\/product\/alfateiko-cf-1-kg-o-175\/","og_locale":"it_IT","og_type":"article","og_title":"ALFATEIKO CF (1 kg - \u00d8 1,75) - 3Devolution","og_description":"ALFATEIKO CF \u00e8 un filamento termoplastico in PPS, tra i pi\u00f9 nobili e performanti in assoluto, la soluzione per tutte le sfide nella stampa 3D. ALFATEIKO CF\u00a0garantisce un\u2019eccellente adesione tra gli strati, prevenendo la delaminazione e assicurando ritiri minimi durante il processo di stampa e ottima stabilit\u00e0 dimensionale. Resistente al calore, chimicamente inerte, facile da","og_url":"https:\/\/www.3devolution.it\/index.php\/product\/alfateiko-cf-1-kg-o-175\/","og_site_name":"3Devolution","article_publisher":"https:\/\/www.facebook.com\/3devolution-1474000779504098\/","article_modified_time":"2024-03-19T17:22:56+00:00","og_image":[{"width":2058,"height":1372,"url":"https:\/\/www.3devolution.it\/wp-content\/uploads\/2024\/01\/alfateiko-pps-cf.jpg","type":"image\/jpeg"}],"twitter_card":"summary_large_image","twitter_misc":{"Tempo di lettura stimato":"1 minuto"},"schema":{"@context":"https:\/\/schema.org","@graph":[{"@type":"WebPage","@id":"https:\/\/www.3devolution.it\/index.php\/product\/alfateiko-cf-1-kg-o-175\/","url":"https:\/\/www.3devolution.it\/index.php\/product\/alfateiko-cf-1-kg-o-175\/","name":"ALFATEIKO CF (1 kg - \u00d8 1,75) - 3Devolution","isPartOf":{"@id":"https:\/\/www.3devolution.it\/#website"},"primaryImageOfPage":{"@id":"https:\/\/www.3devolution.it\/index.php\/product\/alfateiko-cf-1-kg-o-175\/#primaryimage"},"image":{"@id":"https:\/\/www.3devolution.it\/index.php\/product\/alfateiko-cf-1-kg-o-175\/#primaryimage"},"thumbnailUrl":"https:\/\/www.3devolution.it\/wp-content\/uploads\/2024\/01\/alfateiko-pps-cf.jpg","datePublished":"2024-01-01T22:20:08+00:00","dateModified":"2024-03-19T17:22:56+00:00","breadcrumb":{"@id":"https:\/\/www.3devolution.it\/index.php\/product\/alfateiko-cf-1-kg-o-175\/#breadcrumb"},"inLanguage":"it-IT","potentialAction":[{"@type":"ReadAction","target":["https:\/\/www.3devolution.it\/index.php\/product\/alfateiko-cf-1-kg-o-175\/"]}]},{"@type":"ImageObject","inLanguage":"it-IT","@id":"https:\/\/www.3devolution.it\/index.php\/product\/alfateiko-cf-1-kg-o-175\/#primaryimage","url":"https:\/\/www.3devolution.it\/wp-content\/uploads\/2024\/01\/alfateiko-pps-cf.jpg","contentUrl":"https:\/\/www.3devolution.it\/wp-content\/uploads\/2024\/01\/alfateiko-pps-cf.jpg","width":2058,"height":1372},{"@type":"BreadcrumbList","@id":"https:\/\/www.3devolution.it\/index.php\/product\/alfateiko-cf-1-kg-o-175\/#breadcrumb","itemListElement":[{"@type":"ListItem","position":1,"name":"Home","item":"https:\/\/www.3devolution.it\/"},{"@type":"ListItem","position":2,"name":"Shop","item":"https:\/\/www.3devolution.it\/index.php\/negozio\/"},{"@type":"ListItem","position":3,"name":"ALFATEIKO CF (1 kg &#8211; \u00d8 1,75)"}]},{"@type":"WebSite","@id":"https:\/\/www.3devolution.it\/#website","url":"https:\/\/www.3devolution.it\/","name":"3Devolution","description":"Tutto per la stampa 3d, filamenti, stampanti 3d","potentialAction":[{"@type":"SearchAction","target":{"@type":"EntryPoint","urlTemplate":"https:\/\/www.3devolution.it\/?s={search_term_string}"},"query-input":{"@type":"PropertyValueSpecification","valueRequired":true,"valueName":"search_term_string"}}],"inLanguage":"it-IT"}]}},"jetpack_sharing_enabled":true,"_links":{"self":[{"href":"https:\/\/www.3devolution.it\/index.php\/wp-json\/wp\/v2\/product\/4462","targetHints":{"allow":["GET"]}}],"collection":[{"href":"https:\/\/www.3devolution.it\/index.php\/wp-json\/wp\/v2\/product"}],"about":[{"href":"https:\/\/www.3devolution.it\/index.php\/wp-json\/wp\/v2\/types\/product"}],"replies":[{"embeddable":true,"href":"https:\/\/www.3devolution.it\/index.php\/wp-json\/wp\/v2\/comments?post=4462"}],"wp:featuredmedia":[{"embeddable":true,"href":"https:\/\/www.3devolution.it\/index.php\/wp-json\/wp\/v2\/media\/4465"}],"wp:attachment":[{"href":"https:\/\/www.3devolution.it\/index.php\/wp-json\/wp\/v2\/media?parent=4462"}],"wp:term":[{"taxonomy":"product_brand","embeddable":true,"href":"https:\/\/www.3devolution.it\/index.php\/wp-json\/wp\/v2\/product_brand?post=4462"},{"taxonomy":"product_cat","embeddable":true,"href":"https:\/\/www.3devolution.it\/index.php\/wp-json\/wp\/v2\/product_cat?post=4462"},{"taxonomy":"product_tag","embeddable":true,"href":"https:\/\/www.3devolution.it\/index.php\/wp-json\/wp\/v2\/product_tag?post=4462"}],"curies":[{"name":"wp","href":"https:\/\/api.w.org\/{rel}","templated":true}]}}