{"id":4382,"date":"2021-04-25T00:49:00","date_gmt":"2021-04-24T22:49:00","guid":{"rendered":"http:\/\/www.3devolution.it\/?post_type=product&#038;p=4382"},"modified":"2024-02-25T22:55:08","modified_gmt":"2024-02-25T21:55:08","slug":"pp-cf-1-kg-o-175mm","status":"publish","type":"product","link":"https:\/\/www.3devolution.it\/index.php\/product\/pp-cf-1-kg-o-175mm\/","title":{"rendered":"PP CF  (1 kg. \u00d8 1,75mm.)"},"content":{"rendered":"<div id=\"tab-description\" class=\"panel entry-content\" style=\"display: block;\">\n<div id=\"tab-description\" class=\"panel entry-content\" style=\"display: block;\">\n<div class=\"row ggabot\">\n<div class=\"col-md-7\">\n<div class=\"product-description\">\n<div class=\"style_content\">\n<p><strong>PP CF by\u00a0FILOALFA<sup>\u00ae<\/sup> non \u00e8 igroscopico<\/strong>: si annullano cos\u00ec i potenziali problemi di umidit\u00e0 anche in fase di stampa a tutto vantaggio della \u201cshelf life\u201d e della stabilit\u00e0 dimensionale dei pezzi stampati.<\/p>\n<p><strong>PP CF by\u00a0FILOALFA<sup>\u00ae<\/sup> \u00e8 un materiale pi\u00f9 elastico ed ancora pi\u00f9 resistente a livello chimico<\/strong>.<\/p>\n<p><strong>PP CF by\u00a0FILOALFA<sup>\u00ae<\/sup> coniuga elevate termiche ad un\u2019ottima stampabilit\u00e0<\/strong>.<\/p>\n<p>L&#8217;elevato spettro di temperature di stampa (\u00e8 stato testato in un range di temperatura da 220\u00b0C a 320\u00b0C), permette di adattarne la lavorazione alle proprie esigenze ad alla propria stampante, ottimizzando l&#8217;adesione tra i layer all&#8217;aumentare della temperatura (rinunciando eventualmente in parte alla definizione del pezzo).<\/p>\n<p><strong>FILOALFA<sup>\u00ae<\/sup>\u00a0consiglia PP CF per gli impieghi in presenza di sostanze chimiche aggressive<\/strong> e\/o dov\u2019\u00e8 richiesta un elevata resistenza agli urti.<\/p>\n<\/div>\n<\/div>\n<\/div>\n<\/div>\n<div class=\"pro_price_right \">\n<div class=\"flex_box\"><\/div>\n<\/div>\n<section class=\"product-discounts\"><\/section>\n<div class=\"product-add-to-cart mb-3\"><\/div>\n<\/div>\n<\/div>\n","protected":false},"excerpt":{"rendered":"<p>Nylon neutro (0,70 kg. \u00d8 1,75mm.)<\/p>\n","protected":false},"featured_media":4383,"comment_status":"open","ping_status":"closed","template":"","meta":{"jetpack_post_was_ever_published":false,"jetpack_publicize_message":"","jetpack_publicize_feature_enabled":true,"jetpack_social_post_already_shared":true,"jetpack_social_options":{"image_generator_settings":{"template":"highway","enabled":false},"version":2}},"product_brand":[],"product_cat":[60,104,152],"product_tag":[],"class_list":{"0":"post-4382","1":"product","2":"type-product","3":"status-publish","4":"has-post-thumbnail","6":"product_cat-filamenti","7":"product_cat-nylon","8":"product_cat-ppcf","10":"first","11":"instock","12":"taxable","13":"shipping-taxable","14":"purchasable","15":"product-type-simple"},"jetpack_publicize_connections":[],"yoast_head":"<!-- This site is optimized with the Yoast SEO plugin v24.5 - https:\/\/yoast.com\/wordpress\/plugins\/seo\/ -->\n<title>PP CF (1 kg. \u00d8 1,75mm.) - 3Devolution<\/title>\n<meta name=\"robots\" content=\"index, follow, max-snippet:-1, max-image-preview:large, max-video-preview:-1\" \/>\n<link rel=\"canonical\" href=\"https:\/\/www.3devolution.it\/index.php\/product\/pp-cf-1-kg-o-175mm\/\" \/>\n<meta property=\"og:locale\" content=\"it_IT\" \/>\n<meta property=\"og:type\" content=\"article\" \/>\n<meta property=\"og:title\" content=\"PP CF (1 kg. \u00d8 1,75mm.) - 3Devolution\" \/>\n<meta property=\"og:description\" content=\"Nylon neutro (0,70 kg. \u00d8 1,75mm.)\" \/>\n<meta property=\"og:url\" content=\"https:\/\/www.3devolution.it\/index.php\/product\/pp-cf-1-kg-o-175mm\/\" \/>\n<meta property=\"og:site_name\" content=\"3Devolution\" \/>\n<meta property=\"article:publisher\" content=\"https:\/\/www.facebook.com\/3devolution-1474000779504098\/\" \/>\n<meta property=\"article:modified_time\" content=\"2024-02-25T21:55:08+00:00\" \/>\n<meta property=\"og:image\" content=\"https:\/\/www.3devolution.it\/wp-content\/uploads\/2021\/04\/PPCF-1.jpg\" \/>\n\t<meta property=\"og:image:width\" content=\"1200\" \/>\n\t<meta property=\"og:image:height\" content=\"1372\" \/>\n\t<meta property=\"og:image:type\" content=\"image\/jpeg\" \/>\n<meta name=\"twitter:card\" content=\"summary_large_image\" \/>\n<meta name=\"twitter:label1\" content=\"Tempo di lettura stimato\" \/>\n\t<meta name=\"twitter:data1\" content=\"1 minuto\" \/>\n<script type=\"application\/ld+json\" class=\"yoast-schema-graph\">{\"@context\":\"https:\/\/schema.org\",\"@graph\":[{\"@type\":\"WebPage\",\"@id\":\"https:\/\/www.3devolution.it\/index.php\/product\/pp-cf-1-kg-o-175mm\/\",\"url\":\"https:\/\/www.3devolution.it\/index.php\/product\/pp-cf-1-kg-o-175mm\/\",\"name\":\"PP CF (1 kg. \u00d8 1,75mm.) - 3Devolution\",\"isPartOf\":{\"@id\":\"https:\/\/www.3devolution.it\/#website\"},\"primaryImageOfPage\":{\"@id\":\"https:\/\/www.3devolution.it\/index.php\/product\/pp-cf-1-kg-o-175mm\/#primaryimage\"},\"image\":{\"@id\":\"https:\/\/www.3devolution.it\/index.php\/product\/pp-cf-1-kg-o-175mm\/#primaryimage\"},\"thumbnailUrl\":\"https:\/\/www.3devolution.it\/wp-content\/uploads\/2021\/04\/PPCF-1.jpg\",\"datePublished\":\"2021-04-24T22:49:00+00:00\",\"dateModified\":\"2024-02-25T21:55:08+00:00\",\"breadcrumb\":{\"@id\":\"https:\/\/www.3devolution.it\/index.php\/product\/pp-cf-1-kg-o-175mm\/#breadcrumb\"},\"inLanguage\":\"it-IT\",\"potentialAction\":[{\"@type\":\"ReadAction\",\"target\":[\"https:\/\/www.3devolution.it\/index.php\/product\/pp-cf-1-kg-o-175mm\/\"]}]},{\"@type\":\"ImageObject\",\"inLanguage\":\"it-IT\",\"@id\":\"https:\/\/www.3devolution.it\/index.php\/product\/pp-cf-1-kg-o-175mm\/#primaryimage\",\"url\":\"https:\/\/www.3devolution.it\/wp-content\/uploads\/2021\/04\/PPCF-1.jpg\",\"contentUrl\":\"https:\/\/www.3devolution.it\/wp-content\/uploads\/2021\/04\/PPCF-1.jpg\",\"width\":1200,\"height\":1372},{\"@type\":\"BreadcrumbList\",\"@id\":\"https:\/\/www.3devolution.it\/index.php\/product\/pp-cf-1-kg-o-175mm\/#breadcrumb\",\"itemListElement\":[{\"@type\":\"ListItem\",\"position\":1,\"name\":\"Home\",\"item\":\"https:\/\/www.3devolution.it\/\"},{\"@type\":\"ListItem\",\"position\":2,\"name\":\"Shop\",\"item\":\"https:\/\/www.3devolution.it\/index.php\/negozio\/\"},{\"@type\":\"ListItem\",\"position\":3,\"name\":\"PP CF (1 kg. \u00d8 1,75mm.)\"}]},{\"@type\":\"WebSite\",\"@id\":\"https:\/\/www.3devolution.it\/#website\",\"url\":\"https:\/\/www.3devolution.it\/\",\"name\":\"3Devolution\",\"description\":\"Tutto per la stampa 3d, filamenti, stampanti 3d\",\"potentialAction\":[{\"@type\":\"SearchAction\",\"target\":{\"@type\":\"EntryPoint\",\"urlTemplate\":\"https:\/\/www.3devolution.it\/?s={search_term_string}\"},\"query-input\":{\"@type\":\"PropertyValueSpecification\",\"valueRequired\":true,\"valueName\":\"search_term_string\"}}],\"inLanguage\":\"it-IT\"}]}<\/script>\n<!-- \/ Yoast SEO plugin. -->","yoast_head_json":{"title":"PP CF (1 kg. \u00d8 1,75mm.) - 3Devolution","robots":{"index":"index","follow":"follow","max-snippet":"max-snippet:-1","max-image-preview":"max-image-preview:large","max-video-preview":"max-video-preview:-1"},"canonical":"https:\/\/www.3devolution.it\/index.php\/product\/pp-cf-1-kg-o-175mm\/","og_locale":"it_IT","og_type":"article","og_title":"PP CF (1 kg. \u00d8 1,75mm.) - 3Devolution","og_description":"Nylon neutro (0,70 kg. \u00d8 1,75mm.)","og_url":"https:\/\/www.3devolution.it\/index.php\/product\/pp-cf-1-kg-o-175mm\/","og_site_name":"3Devolution","article_publisher":"https:\/\/www.facebook.com\/3devolution-1474000779504098\/","article_modified_time":"2024-02-25T21:55:08+00:00","og_image":[{"width":1200,"height":1372,"url":"https:\/\/www.3devolution.it\/wp-content\/uploads\/2021\/04\/PPCF-1.jpg","type":"image\/jpeg"}],"twitter_card":"summary_large_image","twitter_misc":{"Tempo di lettura stimato":"1 minuto"},"schema":{"@context":"https:\/\/schema.org","@graph":[{"@type":"WebPage","@id":"https:\/\/www.3devolution.it\/index.php\/product\/pp-cf-1-kg-o-175mm\/","url":"https:\/\/www.3devolution.it\/index.php\/product\/pp-cf-1-kg-o-175mm\/","name":"PP CF (1 kg. \u00d8 1,75mm.) - 3Devolution","isPartOf":{"@id":"https:\/\/www.3devolution.it\/#website"},"primaryImageOfPage":{"@id":"https:\/\/www.3devolution.it\/index.php\/product\/pp-cf-1-kg-o-175mm\/#primaryimage"},"image":{"@id":"https:\/\/www.3devolution.it\/index.php\/product\/pp-cf-1-kg-o-175mm\/#primaryimage"},"thumbnailUrl":"https:\/\/www.3devolution.it\/wp-content\/uploads\/2021\/04\/PPCF-1.jpg","datePublished":"2021-04-24T22:49:00+00:00","dateModified":"2024-02-25T21:55:08+00:00","breadcrumb":{"@id":"https:\/\/www.3devolution.it\/index.php\/product\/pp-cf-1-kg-o-175mm\/#breadcrumb"},"inLanguage":"it-IT","potentialAction":[{"@type":"ReadAction","target":["https:\/\/www.3devolution.it\/index.php\/product\/pp-cf-1-kg-o-175mm\/"]}]},{"@type":"ImageObject","inLanguage":"it-IT","@id":"https:\/\/www.3devolution.it\/index.php\/product\/pp-cf-1-kg-o-175mm\/#primaryimage","url":"https:\/\/www.3devolution.it\/wp-content\/uploads\/2021\/04\/PPCF-1.jpg","contentUrl":"https:\/\/www.3devolution.it\/wp-content\/uploads\/2021\/04\/PPCF-1.jpg","width":1200,"height":1372},{"@type":"BreadcrumbList","@id":"https:\/\/www.3devolution.it\/index.php\/product\/pp-cf-1-kg-o-175mm\/#breadcrumb","itemListElement":[{"@type":"ListItem","position":1,"name":"Home","item":"https:\/\/www.3devolution.it\/"},{"@type":"ListItem","position":2,"name":"Shop","item":"https:\/\/www.3devolution.it\/index.php\/negozio\/"},{"@type":"ListItem","position":3,"name":"PP CF (1 kg. \u00d8 1,75mm.)"}]},{"@type":"WebSite","@id":"https:\/\/www.3devolution.it\/#website","url":"https:\/\/www.3devolution.it\/","name":"3Devolution","description":"Tutto per la stampa 3d, filamenti, stampanti 3d","potentialAction":[{"@type":"SearchAction","target":{"@type":"EntryPoint","urlTemplate":"https:\/\/www.3devolution.it\/?s={search_term_string}"},"query-input":{"@type":"PropertyValueSpecification","valueRequired":true,"valueName":"search_term_string"}}],"inLanguage":"it-IT"}]}},"jetpack_sharing_enabled":true,"_links":{"self":[{"href":"https:\/\/www.3devolution.it\/index.php\/wp-json\/wp\/v2\/product\/4382","targetHints":{"allow":["GET"]}}],"collection":[{"href":"https:\/\/www.3devolution.it\/index.php\/wp-json\/wp\/v2\/product"}],"about":[{"href":"https:\/\/www.3devolution.it\/index.php\/wp-json\/wp\/v2\/types\/product"}],"replies":[{"embeddable":true,"href":"https:\/\/www.3devolution.it\/index.php\/wp-json\/wp\/v2\/comments?post=4382"}],"wp:featuredmedia":[{"embeddable":true,"href":"https:\/\/www.3devolution.it\/index.php\/wp-json\/wp\/v2\/media\/4383"}],"wp:attachment":[{"href":"https:\/\/www.3devolution.it\/index.php\/wp-json\/wp\/v2\/media?parent=4382"}],"wp:term":[{"taxonomy":"product_brand","embeddable":true,"href":"https:\/\/www.3devolution.it\/index.php\/wp-json\/wp\/v2\/product_brand?post=4382"},{"taxonomy":"product_cat","embeddable":true,"href":"https:\/\/www.3devolution.it\/index.php\/wp-json\/wp\/v2\/product_cat?post=4382"},{"taxonomy":"product_tag","embeddable":true,"href":"https:\/\/www.3devolution.it\/index.php\/wp-json\/wp\/v2\/product_tag?post=4382"}],"curies":[{"name":"wp","href":"https:\/\/api.w.org\/{rel}","templated":true}]}}