{"id":4126,"date":"2020-04-14T12:37:05","date_gmt":"2020-04-14T10:37:05","guid":{"rendered":"http:\/\/www.3devolution.it\/?post_type=product&#038;p=4126"},"modified":"2023-02-26T00:19:17","modified_gmt":"2023-02-25T23:19:17","slug":"bioflex-antibatterico-shore-35d","status":"publish","type":"product","link":"https:\/\/www.3devolution.it\/index.php\/product\/bioflex-antibatterico-shore-35d\/","title":{"rendered":"BIOFLEX ANTIBATTERICO &#8211; Flessibile 35 Shore D &#8211; \u00d8 1,75 mm"},"content":{"rendered":"<div id=\"tab-product-description\" class=\"ui-tabs-panel ui-widget-content ui-corner-bottom\">\n<div class=\"description\">\n<p><strong>BIOFLEX Antibatterico by<\/strong> <strong>FILOALFA\u00ae<\/strong> \u00e8 un filamento flessibile dalle eccellenti caratteristiche meccaniche. Grazie alla sua facilit\u00e0 di stampa e piacevole effetto superficiale sar\u00e0 il materaiale perfetto per svariate applicazioni.<\/p>\n<p>Sapr\u00e0 stupirvi grazie a un incredibile memoria elastica e durabilit\u00e0 nel tempo.<\/p>\n<p>Il <strong>BIOFLEX Antibatterico <\/strong>\u00e8 resistente alla crescita batterica sia per i Gram + che i Gram- ,ed testato in accordo con la normativa Iso 846 e pu\u00f2 entrare in<strong>contatto con alimenti<\/strong> secondo Norma EN10\/2011. Non contiene <strong>ioni metallici<\/strong> n\u00e9 rilascia in acqua alcun elemento in forma nano o micro.<\/p>\n<p>Il risultato di<strong> riduzione batterica \u00e8 maggior del\u201980%<\/strong>sia per Gram+ che Gram-<\/p>\n<\/div>\n<div><strong>+ Flessibile e resistente (35 sh\/D)<br \/>\n<\/strong><\/div>\n<div><strong>+ Antibatterico<br \/>\n<\/strong><\/div>\n<div><strong>+ Certificazione contatto alimentare<br \/>\n<\/strong><\/div>\n<div><strong>+ Piacevole al tatto<\/strong><\/div>\n<div><\/div>\n<div class=\"description\">\n<ul style=\"font-size: 12px; font-family: sans-serif;\">\n<li style=\"font-size: 12px;\"><span style=\"font-size: 14px;\"><span style=\"font-size: 14px; font-family: Arial, Helvetica, sans-serif; line-height: 21px;\">Temperatura di estrusione: 210-230\u00b0C<\/span><\/span><\/li>\n<li style=\"font-size: 12px;\"><span style=\"font-size: 14px;\"><span style=\"font-size: 14px; font-family: Arial, Helvetica, sans-serif; line-height: 21px;\">Temperatura del piano di costruzione: 0 &#8211; 60 \u00b0C<\/span><\/span><\/li>\n<li>Ventola OFF<\/li>\n<\/ul>\n<\/div>\n<\/div>\n","protected":false},"excerpt":{"rendered":"<p>BioFlex \ufffd il filamento flessibile di origine naturale targato FiloAlfa. BOBINA DA 250 gr.<\/p>\n","protected":false},"featured_media":3529,"comment_status":"open","ping_status":"closed","template":"","meta":{"jetpack_post_was_ever_published":false,"jetpack_publicize_message":"","jetpack_publicize_feature_enabled":true,"jetpack_social_post_already_shared":true,"jetpack_social_options":{"image_generator_settings":{"template":"highway","enabled":false},"version":2}},"product_brand":[],"product_cat":[126],"product_tag":[],"class_list":{"0":"post-4126","1":"product","2":"type-product","3":"status-publish","4":"has-post-thumbnail","6":"product_cat-bioflex","8":"first","9":"instock","10":"taxable","11":"shipping-taxable","12":"purchasable","13":"product-type-simple"},"jetpack_publicize_connections":[],"yoast_head":"<!-- This site is optimized with the Yoast SEO plugin v24.5 - https:\/\/yoast.com\/wordpress\/plugins\/seo\/ -->\n<title>BIOFLEX ANTIBATTERICO - Flessibile 35 Shore D - \u00d8 1,75 mm - 3Devolution<\/title>\n<meta name=\"robots\" content=\"index, follow, max-snippet:-1, max-image-preview:large, max-video-preview:-1\" \/>\n<link rel=\"canonical\" href=\"https:\/\/www.3devolution.it\/index.php\/product\/bioflex-antibatterico-shore-35d\/\" \/>\n<meta property=\"og:locale\" content=\"it_IT\" \/>\n<meta property=\"og:type\" content=\"article\" \/>\n<meta property=\"og:title\" content=\"BIOFLEX ANTIBATTERICO - Flessibile 35 Shore D - \u00d8 1,75 mm - 3Devolution\" \/>\n<meta property=\"og:description\" content=\"BioFlex \ufffd il filamento flessibile di origine naturale targato FiloAlfa. BOBINA DA 250 gr.\" \/>\n<meta property=\"og:url\" content=\"https:\/\/www.3devolution.it\/index.php\/product\/bioflex-antibatterico-shore-35d\/\" \/>\n<meta property=\"og:site_name\" content=\"3Devolution\" \/>\n<meta property=\"article:publisher\" content=\"https:\/\/www.facebook.com\/3devolution-1474000779504098\/\" \/>\n<meta property=\"article:modified_time\" content=\"2023-02-25T23:19:17+00:00\" \/>\n<meta property=\"og:image\" content=\"https:\/\/www.3devolution.it\/wp-content\/uploads\/2018\/12\/bioflex-pla-flessibile-shore-d-27-o-175-mm-2.jpg\" \/>\n\t<meta property=\"og:image:width\" content=\"695\" \/>\n\t<meta property=\"og:image:height\" content=\"500\" \/>\n\t<meta property=\"og:image:type\" content=\"image\/jpeg\" \/>\n<meta name=\"twitter:card\" content=\"summary_large_image\" \/>\n<meta name=\"twitter:label1\" content=\"Tempo di lettura stimato\" \/>\n\t<meta name=\"twitter:data1\" content=\"1 minuto\" \/>\n<script type=\"application\/ld+json\" class=\"yoast-schema-graph\">{\"@context\":\"https:\/\/schema.org\",\"@graph\":[{\"@type\":\"WebPage\",\"@id\":\"https:\/\/www.3devolution.it\/index.php\/product\/bioflex-antibatterico-shore-35d\/\",\"url\":\"https:\/\/www.3devolution.it\/index.php\/product\/bioflex-antibatterico-shore-35d\/\",\"name\":\"BIOFLEX ANTIBATTERICO - Flessibile 35 Shore D - \u00d8 1,75 mm - 3Devolution\",\"isPartOf\":{\"@id\":\"https:\/\/www.3devolution.it\/#website\"},\"primaryImageOfPage\":{\"@id\":\"https:\/\/www.3devolution.it\/index.php\/product\/bioflex-antibatterico-shore-35d\/#primaryimage\"},\"image\":{\"@id\":\"https:\/\/www.3devolution.it\/index.php\/product\/bioflex-antibatterico-shore-35d\/#primaryimage\"},\"thumbnailUrl\":\"https:\/\/www.3devolution.it\/wp-content\/uploads\/2018\/12\/bioflex-pla-flessibile-shore-d-27-o-175-mm-2.jpg\",\"datePublished\":\"2020-04-14T10:37:05+00:00\",\"dateModified\":\"2023-02-25T23:19:17+00:00\",\"breadcrumb\":{\"@id\":\"https:\/\/www.3devolution.it\/index.php\/product\/bioflex-antibatterico-shore-35d\/#breadcrumb\"},\"inLanguage\":\"it-IT\",\"potentialAction\":[{\"@type\":\"ReadAction\",\"target\":[\"https:\/\/www.3devolution.it\/index.php\/product\/bioflex-antibatterico-shore-35d\/\"]}]},{\"@type\":\"ImageObject\",\"inLanguage\":\"it-IT\",\"@id\":\"https:\/\/www.3devolution.it\/index.php\/product\/bioflex-antibatterico-shore-35d\/#primaryimage\",\"url\":\"https:\/\/www.3devolution.it\/wp-content\/uploads\/2018\/12\/bioflex-pla-flessibile-shore-d-27-o-175-mm-2.jpg\",\"contentUrl\":\"https:\/\/www.3devolution.it\/wp-content\/uploads\/2018\/12\/bioflex-pla-flessibile-shore-d-27-o-175-mm-2.jpg\",\"width\":695,\"height\":500,\"caption\":\"BIOFLEX - Flessibile 27 Shore D - &#216; 1,75 mm\"},{\"@type\":\"BreadcrumbList\",\"@id\":\"https:\/\/www.3devolution.it\/index.php\/product\/bioflex-antibatterico-shore-35d\/#breadcrumb\",\"itemListElement\":[{\"@type\":\"ListItem\",\"position\":1,\"name\":\"Home\",\"item\":\"https:\/\/www.3devolution.it\/\"},{\"@type\":\"ListItem\",\"position\":2,\"name\":\"Shop\",\"item\":\"https:\/\/www.3devolution.it\/index.php\/negozio\/\"},{\"@type\":\"ListItem\",\"position\":3,\"name\":\"BIOFLEX ANTIBATTERICO &#8211; Flessibile 35 Shore D &#8211; \u00d8 1,75 mm\"}]},{\"@type\":\"WebSite\",\"@id\":\"https:\/\/www.3devolution.it\/#website\",\"url\":\"https:\/\/www.3devolution.it\/\",\"name\":\"3Devolution\",\"description\":\"Tutto per la stampa 3d, filamenti, stampanti 3d\",\"potentialAction\":[{\"@type\":\"SearchAction\",\"target\":{\"@type\":\"EntryPoint\",\"urlTemplate\":\"https:\/\/www.3devolution.it\/?s={search_term_string}\"},\"query-input\":{\"@type\":\"PropertyValueSpecification\",\"valueRequired\":true,\"valueName\":\"search_term_string\"}}],\"inLanguage\":\"it-IT\"}]}<\/script>\n<!-- \/ Yoast SEO plugin. -->","yoast_head_json":{"title":"BIOFLEX ANTIBATTERICO - Flessibile 35 Shore D - \u00d8 1,75 mm - 3Devolution","robots":{"index":"index","follow":"follow","max-snippet":"max-snippet:-1","max-image-preview":"max-image-preview:large","max-video-preview":"max-video-preview:-1"},"canonical":"https:\/\/www.3devolution.it\/index.php\/product\/bioflex-antibatterico-shore-35d\/","og_locale":"it_IT","og_type":"article","og_title":"BIOFLEX ANTIBATTERICO - Flessibile 35 Shore D - \u00d8 1,75 mm - 3Devolution","og_description":"BioFlex \ufffd il filamento flessibile di origine naturale targato FiloAlfa. BOBINA DA 250 gr.","og_url":"https:\/\/www.3devolution.it\/index.php\/product\/bioflex-antibatterico-shore-35d\/","og_site_name":"3Devolution","article_publisher":"https:\/\/www.facebook.com\/3devolution-1474000779504098\/","article_modified_time":"2023-02-25T23:19:17+00:00","og_image":[{"width":695,"height":500,"url":"https:\/\/www.3devolution.it\/wp-content\/uploads\/2018\/12\/bioflex-pla-flessibile-shore-d-27-o-175-mm-2.jpg","type":"image\/jpeg"}],"twitter_card":"summary_large_image","twitter_misc":{"Tempo di lettura stimato":"1 minuto"},"schema":{"@context":"https:\/\/schema.org","@graph":[{"@type":"WebPage","@id":"https:\/\/www.3devolution.it\/index.php\/product\/bioflex-antibatterico-shore-35d\/","url":"https:\/\/www.3devolution.it\/index.php\/product\/bioflex-antibatterico-shore-35d\/","name":"BIOFLEX ANTIBATTERICO - Flessibile 35 Shore D - \u00d8 1,75 mm - 3Devolution","isPartOf":{"@id":"https:\/\/www.3devolution.it\/#website"},"primaryImageOfPage":{"@id":"https:\/\/www.3devolution.it\/index.php\/product\/bioflex-antibatterico-shore-35d\/#primaryimage"},"image":{"@id":"https:\/\/www.3devolution.it\/index.php\/product\/bioflex-antibatterico-shore-35d\/#primaryimage"},"thumbnailUrl":"https:\/\/www.3devolution.it\/wp-content\/uploads\/2018\/12\/bioflex-pla-flessibile-shore-d-27-o-175-mm-2.jpg","datePublished":"2020-04-14T10:37:05+00:00","dateModified":"2023-02-25T23:19:17+00:00","breadcrumb":{"@id":"https:\/\/www.3devolution.it\/index.php\/product\/bioflex-antibatterico-shore-35d\/#breadcrumb"},"inLanguage":"it-IT","potentialAction":[{"@type":"ReadAction","target":["https:\/\/www.3devolution.it\/index.php\/product\/bioflex-antibatterico-shore-35d\/"]}]},{"@type":"ImageObject","inLanguage":"it-IT","@id":"https:\/\/www.3devolution.it\/index.php\/product\/bioflex-antibatterico-shore-35d\/#primaryimage","url":"https:\/\/www.3devolution.it\/wp-content\/uploads\/2018\/12\/bioflex-pla-flessibile-shore-d-27-o-175-mm-2.jpg","contentUrl":"https:\/\/www.3devolution.it\/wp-content\/uploads\/2018\/12\/bioflex-pla-flessibile-shore-d-27-o-175-mm-2.jpg","width":695,"height":500,"caption":"BIOFLEX - Flessibile 27 Shore D - &#216; 1,75 mm"},{"@type":"BreadcrumbList","@id":"https:\/\/www.3devolution.it\/index.php\/product\/bioflex-antibatterico-shore-35d\/#breadcrumb","itemListElement":[{"@type":"ListItem","position":1,"name":"Home","item":"https:\/\/www.3devolution.it\/"},{"@type":"ListItem","position":2,"name":"Shop","item":"https:\/\/www.3devolution.it\/index.php\/negozio\/"},{"@type":"ListItem","position":3,"name":"BIOFLEX ANTIBATTERICO &#8211; Flessibile 35 Shore D &#8211; \u00d8 1,75 mm"}]},{"@type":"WebSite","@id":"https:\/\/www.3devolution.it\/#website","url":"https:\/\/www.3devolution.it\/","name":"3Devolution","description":"Tutto per la stampa 3d, filamenti, stampanti 3d","potentialAction":[{"@type":"SearchAction","target":{"@type":"EntryPoint","urlTemplate":"https:\/\/www.3devolution.it\/?s={search_term_string}"},"query-input":{"@type":"PropertyValueSpecification","valueRequired":true,"valueName":"search_term_string"}}],"inLanguage":"it-IT"}]}},"jetpack_sharing_enabled":true,"_links":{"self":[{"href":"https:\/\/www.3devolution.it\/index.php\/wp-json\/wp\/v2\/product\/4126","targetHints":{"allow":["GET"]}}],"collection":[{"href":"https:\/\/www.3devolution.it\/index.php\/wp-json\/wp\/v2\/product"}],"about":[{"href":"https:\/\/www.3devolution.it\/index.php\/wp-json\/wp\/v2\/types\/product"}],"replies":[{"embeddable":true,"href":"https:\/\/www.3devolution.it\/index.php\/wp-json\/wp\/v2\/comments?post=4126"}],"wp:featuredmedia":[{"embeddable":true,"href":"https:\/\/www.3devolution.it\/index.php\/wp-json\/wp\/v2\/media\/3529"}],"wp:attachment":[{"href":"https:\/\/www.3devolution.it\/index.php\/wp-json\/wp\/v2\/media?parent=4126"}],"wp:term":[{"taxonomy":"product_brand","embeddable":true,"href":"https:\/\/www.3devolution.it\/index.php\/wp-json\/wp\/v2\/product_brand?post=4126"},{"taxonomy":"product_cat","embeddable":true,"href":"https:\/\/www.3devolution.it\/index.php\/wp-json\/wp\/v2\/product_cat?post=4126"},{"taxonomy":"product_tag","embeddable":true,"href":"https:\/\/www.3devolution.it\/index.php\/wp-json\/wp\/v2\/product_tag?post=4126"}],"curies":[{"name":"wp","href":"https:\/\/api.w.org\/{rel}","templated":true}]}}