{"id":3824,"date":"2019-02-27T07:48:19","date_gmt":"2019-02-27T06:48:19","guid":{"rendered":"http:\/\/www.3devolution.it\/?post_type=product&#038;p=3824"},"modified":"2023-05-06T22:59:59","modified_gmt":"2023-05-06T20:59:59","slug":"tpu-filoflex-90a-bianco-o-175-mm","status":"publish","type":"product","link":"https:\/\/www.3devolution.it\/index.php\/product\/tpu-filoflex-90a-bianco-o-175-mm\/","title":{"rendered":"TPU &#8211; FILOFlex 90A BIANCO \u00d8 1,75 mm"},"content":{"rendered":"<div id=\"tab-description\" class=\"panel entry-content\" style=\"display: block;\">\n<div id=\"tab-description\" class=\"panel entry-content\" style=\"display: block;\">\n<p><strong>FiloAlfa FILOFlex 90A<\/strong> \u00e8 un filamento flessibile a base TPU.Questo materiale \u00e8 stato specificamente formulato per essere stampato con maggiore facilit\u00e0 rispetto al pi\u00fa mordbino 80A<br \/>\n<strong>FiloAlfa FILOFlex 90A \u00e8 <\/strong>un materiale molto resistente all&#8217;usura e alla lacerazione, che mantiene invariato nel tempo il suo alto grado di elasticit\u00e0.<br \/>\nInoltre il TPU ingegnerizzato <strong>FiloAlfa<\/strong> \u00e8 resistente ad una vasta gamma di oli industriali, grassi, alcali, acidi e numerosi altri prodotti chimici industriali.<br \/>\nIl TPU di cui <strong>FILOFlex 90A<\/strong> \u00e8 composto \u00e8 adatto a tutte le condizioni climatiche e ad un ampio intervallo di tempertaure di impiego<br \/>\nLa sua rigidezza di<strong> 90 shore\/A <\/strong>\u00e8 paragonabile a quella delle ruote per i carrelli.<br \/>\n<strong>FiloAlfa consiglia FILOFlex 90A <\/strong>per guarnizioni, protesi ed ammortizzatori.<\/p>\n<div><strong>+ Facile da stampare<\/strong><\/div>\n<div><strong> + Flessibile e Resistente<\/strong><\/div>\n<div><strong>+ Resistente agli agenti chimici<br \/>\n<\/strong><\/div>\n<div><strong> + Ottima adesione tra i layer<\/strong><\/div>\n<p><strong>Diametro<\/strong>: 1,75 mm<\/p>\n<p>Per caricare correttamente il TPU guarda il video disponibile a questo <a href=\"https:\/\/www.youtube.com\/watch?v=6wJDdUuVHyY\">link<\/a>.<\/p>\n<\/div>\n<\/div>\n","protected":false},"excerpt":{"rendered":"<p>TPU BIANCO (0,700 kg. \u00d8 1,75mm.)<\/p>\n","protected":false},"featured_media":3825,"comment_status":"open","ping_status":"closed","template":"","meta":{"jetpack_post_was_ever_published":false,"jetpack_publicize_message":"","jetpack_publicize_feature_enabled":true,"jetpack_social_post_already_shared":true,"jetpack_social_options":{"image_generator_settings":{"template":"highway","enabled":false},"version":2}},"product_brand":[],"product_cat":[60,103,105],"product_tag":[],"class_list":{"0":"post-3824","1":"product","2":"type-product","3":"status-publish","4":"has-post-thumbnail","6":"product_cat-filamenti","7":"product_cat-speciali","8":"product_cat-tpu","10":"first","11":"instock","12":"taxable","13":"shipping-taxable","14":"purchasable","15":"product-type-simple"},"jetpack_publicize_connections":[],"yoast_head":"<!-- This site is optimized with the Yoast SEO plugin v24.5 - https:\/\/yoast.com\/wordpress\/plugins\/seo\/ -->\n<title>TPU - FILOFlex 90A BIANCO \u00d8 1,75 mm - 3Devolution<\/title>\n<meta name=\"robots\" content=\"index, follow, max-snippet:-1, max-image-preview:large, max-video-preview:-1\" \/>\n<link rel=\"canonical\" href=\"https:\/\/www.3devolution.it\/index.php\/product\/tpu-filoflex-90a-bianco-o-175-mm\/\" \/>\n<meta property=\"og:locale\" content=\"it_IT\" \/>\n<meta property=\"og:type\" content=\"article\" \/>\n<meta property=\"og:title\" content=\"TPU - FILOFlex 90A BIANCO \u00d8 1,75 mm - 3Devolution\" \/>\n<meta property=\"og:description\" content=\"TPU BIANCO (0,700 kg. \u00d8 1,75mm.)\" \/>\n<meta property=\"og:url\" content=\"https:\/\/www.3devolution.it\/index.php\/product\/tpu-filoflex-90a-bianco-o-175-mm\/\" \/>\n<meta property=\"og:site_name\" content=\"3Devolution\" \/>\n<meta property=\"article:publisher\" content=\"https:\/\/www.facebook.com\/3devolution-1474000779504098\/\" \/>\n<meta property=\"article:modified_time\" content=\"2023-05-06T20:59:59+00:00\" \/>\n<meta property=\"og:image\" content=\"https:\/\/www.3devolution.it\/wp-content\/uploads\/2019\/02\/filoflex-90a-bianco-o-175-mm.jpg\" \/>\n\t<meta property=\"og:image:width\" content=\"800\" \/>\n\t<meta property=\"og:image:height\" content=\"800\" \/>\n\t<meta property=\"og:image:type\" content=\"image\/jpeg\" \/>\n<meta name=\"twitter:card\" content=\"summary_large_image\" \/>\n<meta name=\"twitter:label1\" content=\"Tempo di lettura stimato\" \/>\n\t<meta name=\"twitter:data1\" content=\"1 minuto\" \/>\n<script type=\"application\/ld+json\" class=\"yoast-schema-graph\">{\"@context\":\"https:\/\/schema.org\",\"@graph\":[{\"@type\":\"WebPage\",\"@id\":\"https:\/\/www.3devolution.it\/index.php\/product\/tpu-filoflex-90a-bianco-o-175-mm\/\",\"url\":\"https:\/\/www.3devolution.it\/index.php\/product\/tpu-filoflex-90a-bianco-o-175-mm\/\",\"name\":\"TPU - FILOFlex 90A BIANCO \u00d8 1,75 mm - 3Devolution\",\"isPartOf\":{\"@id\":\"https:\/\/www.3devolution.it\/#website\"},\"primaryImageOfPage\":{\"@id\":\"https:\/\/www.3devolution.it\/index.php\/product\/tpu-filoflex-90a-bianco-o-175-mm\/#primaryimage\"},\"image\":{\"@id\":\"https:\/\/www.3devolution.it\/index.php\/product\/tpu-filoflex-90a-bianco-o-175-mm\/#primaryimage\"},\"thumbnailUrl\":\"https:\/\/www.3devolution.it\/wp-content\/uploads\/2019\/02\/filoflex-90a-bianco-o-175-mm.jpg\",\"datePublished\":\"2019-02-27T06:48:19+00:00\",\"dateModified\":\"2023-05-06T20:59:59+00:00\",\"breadcrumb\":{\"@id\":\"https:\/\/www.3devolution.it\/index.php\/product\/tpu-filoflex-90a-bianco-o-175-mm\/#breadcrumb\"},\"inLanguage\":\"it-IT\",\"potentialAction\":[{\"@type\":\"ReadAction\",\"target\":[\"https:\/\/www.3devolution.it\/index.php\/product\/tpu-filoflex-90a-bianco-o-175-mm\/\"]}]},{\"@type\":\"ImageObject\",\"inLanguage\":\"it-IT\",\"@id\":\"https:\/\/www.3devolution.it\/index.php\/product\/tpu-filoflex-90a-bianco-o-175-mm\/#primaryimage\",\"url\":\"https:\/\/www.3devolution.it\/wp-content\/uploads\/2019\/02\/filoflex-90a-bianco-o-175-mm.jpg\",\"contentUrl\":\"https:\/\/www.3devolution.it\/wp-content\/uploads\/2019\/02\/filoflex-90a-bianco-o-175-mm.jpg\",\"width\":800,\"height\":800},{\"@type\":\"BreadcrumbList\",\"@id\":\"https:\/\/www.3devolution.it\/index.php\/product\/tpu-filoflex-90a-bianco-o-175-mm\/#breadcrumb\",\"itemListElement\":[{\"@type\":\"ListItem\",\"position\":1,\"name\":\"Home\",\"item\":\"https:\/\/www.3devolution.it\/\"},{\"@type\":\"ListItem\",\"position\":2,\"name\":\"Shop\",\"item\":\"https:\/\/www.3devolution.it\/index.php\/negozio\/\"},{\"@type\":\"ListItem\",\"position\":3,\"name\":\"TPU &#8211; FILOFlex 90A BIANCO \u00d8 1,75 mm\"}]},{\"@type\":\"WebSite\",\"@id\":\"https:\/\/www.3devolution.it\/#website\",\"url\":\"https:\/\/www.3devolution.it\/\",\"name\":\"3Devolution\",\"description\":\"Tutto per la stampa 3d, filamenti, stampanti 3d\",\"potentialAction\":[{\"@type\":\"SearchAction\",\"target\":{\"@type\":\"EntryPoint\",\"urlTemplate\":\"https:\/\/www.3devolution.it\/?s={search_term_string}\"},\"query-input\":{\"@type\":\"PropertyValueSpecification\",\"valueRequired\":true,\"valueName\":\"search_term_string\"}}],\"inLanguage\":\"it-IT\"}]}<\/script>\n<!-- \/ Yoast SEO plugin. -->","yoast_head_json":{"title":"TPU - FILOFlex 90A BIANCO \u00d8 1,75 mm - 3Devolution","robots":{"index":"index","follow":"follow","max-snippet":"max-snippet:-1","max-image-preview":"max-image-preview:large","max-video-preview":"max-video-preview:-1"},"canonical":"https:\/\/www.3devolution.it\/index.php\/product\/tpu-filoflex-90a-bianco-o-175-mm\/","og_locale":"it_IT","og_type":"article","og_title":"TPU - FILOFlex 90A BIANCO \u00d8 1,75 mm - 3Devolution","og_description":"TPU BIANCO (0,700 kg. \u00d8 1,75mm.)","og_url":"https:\/\/www.3devolution.it\/index.php\/product\/tpu-filoflex-90a-bianco-o-175-mm\/","og_site_name":"3Devolution","article_publisher":"https:\/\/www.facebook.com\/3devolution-1474000779504098\/","article_modified_time":"2023-05-06T20:59:59+00:00","og_image":[{"width":800,"height":800,"url":"https:\/\/www.3devolution.it\/wp-content\/uploads\/2019\/02\/filoflex-90a-bianco-o-175-mm.jpg","type":"image\/jpeg"}],"twitter_card":"summary_large_image","twitter_misc":{"Tempo di lettura stimato":"1 minuto"},"schema":{"@context":"https:\/\/schema.org","@graph":[{"@type":"WebPage","@id":"https:\/\/www.3devolution.it\/index.php\/product\/tpu-filoflex-90a-bianco-o-175-mm\/","url":"https:\/\/www.3devolution.it\/index.php\/product\/tpu-filoflex-90a-bianco-o-175-mm\/","name":"TPU - FILOFlex 90A BIANCO \u00d8 1,75 mm - 3Devolution","isPartOf":{"@id":"https:\/\/www.3devolution.it\/#website"},"primaryImageOfPage":{"@id":"https:\/\/www.3devolution.it\/index.php\/product\/tpu-filoflex-90a-bianco-o-175-mm\/#primaryimage"},"image":{"@id":"https:\/\/www.3devolution.it\/index.php\/product\/tpu-filoflex-90a-bianco-o-175-mm\/#primaryimage"},"thumbnailUrl":"https:\/\/www.3devolution.it\/wp-content\/uploads\/2019\/02\/filoflex-90a-bianco-o-175-mm.jpg","datePublished":"2019-02-27T06:48:19+00:00","dateModified":"2023-05-06T20:59:59+00:00","breadcrumb":{"@id":"https:\/\/www.3devolution.it\/index.php\/product\/tpu-filoflex-90a-bianco-o-175-mm\/#breadcrumb"},"inLanguage":"it-IT","potentialAction":[{"@type":"ReadAction","target":["https:\/\/www.3devolution.it\/index.php\/product\/tpu-filoflex-90a-bianco-o-175-mm\/"]}]},{"@type":"ImageObject","inLanguage":"it-IT","@id":"https:\/\/www.3devolution.it\/index.php\/product\/tpu-filoflex-90a-bianco-o-175-mm\/#primaryimage","url":"https:\/\/www.3devolution.it\/wp-content\/uploads\/2019\/02\/filoflex-90a-bianco-o-175-mm.jpg","contentUrl":"https:\/\/www.3devolution.it\/wp-content\/uploads\/2019\/02\/filoflex-90a-bianco-o-175-mm.jpg","width":800,"height":800},{"@type":"BreadcrumbList","@id":"https:\/\/www.3devolution.it\/index.php\/product\/tpu-filoflex-90a-bianco-o-175-mm\/#breadcrumb","itemListElement":[{"@type":"ListItem","position":1,"name":"Home","item":"https:\/\/www.3devolution.it\/"},{"@type":"ListItem","position":2,"name":"Shop","item":"https:\/\/www.3devolution.it\/index.php\/negozio\/"},{"@type":"ListItem","position":3,"name":"TPU &#8211; FILOFlex 90A BIANCO \u00d8 1,75 mm"}]},{"@type":"WebSite","@id":"https:\/\/www.3devolution.it\/#website","url":"https:\/\/www.3devolution.it\/","name":"3Devolution","description":"Tutto per la stampa 3d, filamenti, stampanti 3d","potentialAction":[{"@type":"SearchAction","target":{"@type":"EntryPoint","urlTemplate":"https:\/\/www.3devolution.it\/?s={search_term_string}"},"query-input":{"@type":"PropertyValueSpecification","valueRequired":true,"valueName":"search_term_string"}}],"inLanguage":"it-IT"}]}},"jetpack_sharing_enabled":true,"_links":{"self":[{"href":"https:\/\/www.3devolution.it\/index.php\/wp-json\/wp\/v2\/product\/3824","targetHints":{"allow":["GET"]}}],"collection":[{"href":"https:\/\/www.3devolution.it\/index.php\/wp-json\/wp\/v2\/product"}],"about":[{"href":"https:\/\/www.3devolution.it\/index.php\/wp-json\/wp\/v2\/types\/product"}],"replies":[{"embeddable":true,"href":"https:\/\/www.3devolution.it\/index.php\/wp-json\/wp\/v2\/comments?post=3824"}],"wp:featuredmedia":[{"embeddable":true,"href":"https:\/\/www.3devolution.it\/index.php\/wp-json\/wp\/v2\/media\/3825"}],"wp:attachment":[{"href":"https:\/\/www.3devolution.it\/index.php\/wp-json\/wp\/v2\/media?parent=3824"}],"wp:term":[{"taxonomy":"product_brand","embeddable":true,"href":"https:\/\/www.3devolution.it\/index.php\/wp-json\/wp\/v2\/product_brand?post=3824"},{"taxonomy":"product_cat","embeddable":true,"href":"https:\/\/www.3devolution.it\/index.php\/wp-json\/wp\/v2\/product_cat?post=3824"},{"taxonomy":"product_tag","embeddable":true,"href":"https:\/\/www.3devolution.it\/index.php\/wp-json\/wp\/v2\/product_tag?post=3824"}],"curies":[{"name":"wp","href":"https:\/\/api.w.org\/{rel}","templated":true}]}}