{"id":3822,"date":"2019-02-27T07:42:38","date_gmt":"2019-02-27T06:42:38","guid":{"rendered":"http:\/\/www.3devolution.it\/?post_type=product&#038;p=3822"},"modified":"2023-01-14T00:02:59","modified_gmt":"2023-01-13T23:02:59","slug":"tpu-filoflex-80a-blu-o-175-mm-copia","status":"publish","type":"product","link":"https:\/\/www.3devolution.it\/index.php\/product\/tpu-filoflex-80a-blu-o-175-mm-copia\/","title":{"rendered":"TPU &#8211; FILOFlex 80A BLU \u00d8 1,75 mm"},"content":{"rendered":"<div id=\"tab-description\" class=\"panel entry-content\" style=\"display: block;\">\n<div id=\"tab-description\" class=\"panel entry-content\" style=\"display: block;\">\n<p><strong>FiloAlfa FILOFlex 80A<\/strong> \u00e8 un filamento flessibile a base TPU. La sua durezza consente di realizzare stampe con un buon grado di flessibilit\u00e0 senza perdere la facilit\u00e0 di stampa.<br \/>\n<strong>FiloAlfa FILOFlex 80A <\/strong>\u00e8 un materiale molto resistente all&#8217;usura e alla lacerazione, che mantiene invariato nel tempo il suo alto grado di elasticit\u00e0.<br \/>\nInoltre il <strong>TPU <\/strong>ingegnerizzato <strong>FiloAlfa<\/strong> \u00e8 resistente ad una vasta gamma di oli industriali, grassi, alcali, acidi e numerosi altri prodotti chimici industriali.<br \/>\nIl TPU di cui <strong>FILOFlex 80A<\/strong> ha un\u2019ottima resistenza meccanica all\u2019abrasione, all\u2019impatto, alla lacerazione e chimica ad olii e grassi. Dispone inoltre di un ampio intervallo di temperature di impiego.<br \/>\nLa sua rigidezza di<strong> 80 shore\/A <\/strong>\u00e8 paragonabile a quella dei tacchi e delle suole delle scarpe.<br \/>\n<strong>FiloAlfa consiglia FILOFlex 80A <\/strong>per impugnature, rivestimenti e solette ortopediche.<\/p>\n<p><strong>Diametro<\/strong>: 1,75 mm<\/p>\n<p>Per caricare correttamente il TPU guarda il video disponibile a questo <a href=\"https:\/\/www.youtube.com\/watch?v=6wJDdUuVHyY\">link<\/a>.<\/p>\n<\/div>\n<\/div>\n","protected":false},"excerpt":{"rendered":"<p>TPU BLU (0,700 kg. \u00d8 1,75mm.)<\/p>\n","protected":false},"featured_media":3823,"comment_status":"open","ping_status":"closed","template":"","meta":{"jetpack_post_was_ever_published":false,"jetpack_publicize_message":"","jetpack_publicize_feature_enabled":true,"jetpack_social_post_already_shared":true,"jetpack_social_options":{"image_generator_settings":{"template":"highway","enabled":false},"version":2}},"product_brand":[],"product_cat":[60,103,105],"product_tag":[],"class_list":{"0":"post-3822","1":"product","2":"type-product","3":"status-publish","4":"has-post-thumbnail","6":"product_cat-filamenti","7":"product_cat-speciali","8":"product_cat-tpu","10":"first","11":"outofstock","12":"taxable","13":"shipping-taxable","14":"purchasable","15":"product-type-simple"},"jetpack_publicize_connections":[],"yoast_head":"<!-- This site is optimized with the Yoast SEO plugin v24.5 - https:\/\/yoast.com\/wordpress\/plugins\/seo\/ -->\n<title>TPU - FILOFlex 80A BLU \u00d8 1,75 mm - 3Devolution<\/title>\n<meta name=\"robots\" content=\"index, follow, max-snippet:-1, max-image-preview:large, max-video-preview:-1\" \/>\n<link rel=\"canonical\" href=\"https:\/\/www.3devolution.it\/index.php\/product\/tpu-filoflex-80a-blu-o-175-mm-copia\/\" \/>\n<meta property=\"og:locale\" content=\"it_IT\" \/>\n<meta property=\"og:type\" content=\"article\" \/>\n<meta property=\"og:title\" content=\"TPU - FILOFlex 80A BLU \u00d8 1,75 mm - 3Devolution\" \/>\n<meta property=\"og:description\" content=\"TPU BLU (0,700 kg. \u00d8 1,75mm.)\" \/>\n<meta property=\"og:url\" content=\"https:\/\/www.3devolution.it\/index.php\/product\/tpu-filoflex-80a-blu-o-175-mm-copia\/\" \/>\n<meta property=\"og:site_name\" content=\"3Devolution\" \/>\n<meta property=\"article:publisher\" content=\"https:\/\/www.facebook.com\/3devolution-1474000779504098\/\" \/>\n<meta property=\"article:modified_time\" content=\"2023-01-13T23:02:59+00:00\" \/>\n<meta property=\"og:image\" content=\"https:\/\/www.3devolution.it\/wp-content\/uploads\/2019\/02\/filoflex-80a-blu-elettrico-o-175-mm.jpg\" \/>\n\t<meta property=\"og:image:width\" content=\"800\" \/>\n\t<meta property=\"og:image:height\" content=\"800\" \/>\n\t<meta property=\"og:image:type\" content=\"image\/jpeg\" \/>\n<meta name=\"twitter:card\" content=\"summary_large_image\" \/>\n<meta name=\"twitter:label1\" content=\"Tempo di lettura stimato\" \/>\n\t<meta name=\"twitter:data1\" content=\"1 minuto\" \/>\n<script type=\"application\/ld+json\" class=\"yoast-schema-graph\">{\"@context\":\"https:\/\/schema.org\",\"@graph\":[{\"@type\":\"WebPage\",\"@id\":\"https:\/\/www.3devolution.it\/index.php\/product\/tpu-filoflex-80a-blu-o-175-mm-copia\/\",\"url\":\"https:\/\/www.3devolution.it\/index.php\/product\/tpu-filoflex-80a-blu-o-175-mm-copia\/\",\"name\":\"TPU - FILOFlex 80A BLU \u00d8 1,75 mm - 3Devolution\",\"isPartOf\":{\"@id\":\"https:\/\/www.3devolution.it\/#website\"},\"primaryImageOfPage\":{\"@id\":\"https:\/\/www.3devolution.it\/index.php\/product\/tpu-filoflex-80a-blu-o-175-mm-copia\/#primaryimage\"},\"image\":{\"@id\":\"https:\/\/www.3devolution.it\/index.php\/product\/tpu-filoflex-80a-blu-o-175-mm-copia\/#primaryimage\"},\"thumbnailUrl\":\"https:\/\/www.3devolution.it\/wp-content\/uploads\/2019\/02\/filoflex-80a-blu-elettrico-o-175-mm.jpg\",\"datePublished\":\"2019-02-27T06:42:38+00:00\",\"dateModified\":\"2023-01-13T23:02:59+00:00\",\"breadcrumb\":{\"@id\":\"https:\/\/www.3devolution.it\/index.php\/product\/tpu-filoflex-80a-blu-o-175-mm-copia\/#breadcrumb\"},\"inLanguage\":\"it-IT\",\"potentialAction\":[{\"@type\":\"ReadAction\",\"target\":[\"https:\/\/www.3devolution.it\/index.php\/product\/tpu-filoflex-80a-blu-o-175-mm-copia\/\"]}]},{\"@type\":\"ImageObject\",\"inLanguage\":\"it-IT\",\"@id\":\"https:\/\/www.3devolution.it\/index.php\/product\/tpu-filoflex-80a-blu-o-175-mm-copia\/#primaryimage\",\"url\":\"https:\/\/www.3devolution.it\/wp-content\/uploads\/2019\/02\/filoflex-80a-blu-elettrico-o-175-mm.jpg\",\"contentUrl\":\"https:\/\/www.3devolution.it\/wp-content\/uploads\/2019\/02\/filoflex-80a-blu-elettrico-o-175-mm.jpg\",\"width\":800,\"height\":800},{\"@type\":\"BreadcrumbList\",\"@id\":\"https:\/\/www.3devolution.it\/index.php\/product\/tpu-filoflex-80a-blu-o-175-mm-copia\/#breadcrumb\",\"itemListElement\":[{\"@type\":\"ListItem\",\"position\":1,\"name\":\"Home\",\"item\":\"https:\/\/www.3devolution.it\/\"},{\"@type\":\"ListItem\",\"position\":2,\"name\":\"Shop\",\"item\":\"https:\/\/www.3devolution.it\/index.php\/negozio\/\"},{\"@type\":\"ListItem\",\"position\":3,\"name\":\"TPU &#8211; FILOFlex 80A BLU \u00d8 1,75 mm\"}]},{\"@type\":\"WebSite\",\"@id\":\"https:\/\/www.3devolution.it\/#website\",\"url\":\"https:\/\/www.3devolution.it\/\",\"name\":\"3Devolution\",\"description\":\"Tutto per la stampa 3d, filamenti, stampanti 3d\",\"potentialAction\":[{\"@type\":\"SearchAction\",\"target\":{\"@type\":\"EntryPoint\",\"urlTemplate\":\"https:\/\/www.3devolution.it\/?s={search_term_string}\"},\"query-input\":{\"@type\":\"PropertyValueSpecification\",\"valueRequired\":true,\"valueName\":\"search_term_string\"}}],\"inLanguage\":\"it-IT\"}]}<\/script>\n<!-- \/ Yoast SEO plugin. -->","yoast_head_json":{"title":"TPU - FILOFlex 80A BLU \u00d8 1,75 mm - 3Devolution","robots":{"index":"index","follow":"follow","max-snippet":"max-snippet:-1","max-image-preview":"max-image-preview:large","max-video-preview":"max-video-preview:-1"},"canonical":"https:\/\/www.3devolution.it\/index.php\/product\/tpu-filoflex-80a-blu-o-175-mm-copia\/","og_locale":"it_IT","og_type":"article","og_title":"TPU - FILOFlex 80A BLU \u00d8 1,75 mm - 3Devolution","og_description":"TPU BLU (0,700 kg. \u00d8 1,75mm.)","og_url":"https:\/\/www.3devolution.it\/index.php\/product\/tpu-filoflex-80a-blu-o-175-mm-copia\/","og_site_name":"3Devolution","article_publisher":"https:\/\/www.facebook.com\/3devolution-1474000779504098\/","article_modified_time":"2023-01-13T23:02:59+00:00","og_image":[{"width":800,"height":800,"url":"https:\/\/www.3devolution.it\/wp-content\/uploads\/2019\/02\/filoflex-80a-blu-elettrico-o-175-mm.jpg","type":"image\/jpeg"}],"twitter_card":"summary_large_image","twitter_misc":{"Tempo di lettura stimato":"1 minuto"},"schema":{"@context":"https:\/\/schema.org","@graph":[{"@type":"WebPage","@id":"https:\/\/www.3devolution.it\/index.php\/product\/tpu-filoflex-80a-blu-o-175-mm-copia\/","url":"https:\/\/www.3devolution.it\/index.php\/product\/tpu-filoflex-80a-blu-o-175-mm-copia\/","name":"TPU - FILOFlex 80A BLU \u00d8 1,75 mm - 3Devolution","isPartOf":{"@id":"https:\/\/www.3devolution.it\/#website"},"primaryImageOfPage":{"@id":"https:\/\/www.3devolution.it\/index.php\/product\/tpu-filoflex-80a-blu-o-175-mm-copia\/#primaryimage"},"image":{"@id":"https:\/\/www.3devolution.it\/index.php\/product\/tpu-filoflex-80a-blu-o-175-mm-copia\/#primaryimage"},"thumbnailUrl":"https:\/\/www.3devolution.it\/wp-content\/uploads\/2019\/02\/filoflex-80a-blu-elettrico-o-175-mm.jpg","datePublished":"2019-02-27T06:42:38+00:00","dateModified":"2023-01-13T23:02:59+00:00","breadcrumb":{"@id":"https:\/\/www.3devolution.it\/index.php\/product\/tpu-filoflex-80a-blu-o-175-mm-copia\/#breadcrumb"},"inLanguage":"it-IT","potentialAction":[{"@type":"ReadAction","target":["https:\/\/www.3devolution.it\/index.php\/product\/tpu-filoflex-80a-blu-o-175-mm-copia\/"]}]},{"@type":"ImageObject","inLanguage":"it-IT","@id":"https:\/\/www.3devolution.it\/index.php\/product\/tpu-filoflex-80a-blu-o-175-mm-copia\/#primaryimage","url":"https:\/\/www.3devolution.it\/wp-content\/uploads\/2019\/02\/filoflex-80a-blu-elettrico-o-175-mm.jpg","contentUrl":"https:\/\/www.3devolution.it\/wp-content\/uploads\/2019\/02\/filoflex-80a-blu-elettrico-o-175-mm.jpg","width":800,"height":800},{"@type":"BreadcrumbList","@id":"https:\/\/www.3devolution.it\/index.php\/product\/tpu-filoflex-80a-blu-o-175-mm-copia\/#breadcrumb","itemListElement":[{"@type":"ListItem","position":1,"name":"Home","item":"https:\/\/www.3devolution.it\/"},{"@type":"ListItem","position":2,"name":"Shop","item":"https:\/\/www.3devolution.it\/index.php\/negozio\/"},{"@type":"ListItem","position":3,"name":"TPU &#8211; FILOFlex 80A BLU \u00d8 1,75 mm"}]},{"@type":"WebSite","@id":"https:\/\/www.3devolution.it\/#website","url":"https:\/\/www.3devolution.it\/","name":"3Devolution","description":"Tutto per la stampa 3d, filamenti, stampanti 3d","potentialAction":[{"@type":"SearchAction","target":{"@type":"EntryPoint","urlTemplate":"https:\/\/www.3devolution.it\/?s={search_term_string}"},"query-input":{"@type":"PropertyValueSpecification","valueRequired":true,"valueName":"search_term_string"}}],"inLanguage":"it-IT"}]}},"jetpack_sharing_enabled":true,"_links":{"self":[{"href":"https:\/\/www.3devolution.it\/index.php\/wp-json\/wp\/v2\/product\/3822","targetHints":{"allow":["GET"]}}],"collection":[{"href":"https:\/\/www.3devolution.it\/index.php\/wp-json\/wp\/v2\/product"}],"about":[{"href":"https:\/\/www.3devolution.it\/index.php\/wp-json\/wp\/v2\/types\/product"}],"replies":[{"embeddable":true,"href":"https:\/\/www.3devolution.it\/index.php\/wp-json\/wp\/v2\/comments?post=3822"}],"wp:featuredmedia":[{"embeddable":true,"href":"https:\/\/www.3devolution.it\/index.php\/wp-json\/wp\/v2\/media\/3823"}],"wp:attachment":[{"href":"https:\/\/www.3devolution.it\/index.php\/wp-json\/wp\/v2\/media?parent=3822"}],"wp:term":[{"taxonomy":"product_brand","embeddable":true,"href":"https:\/\/www.3devolution.it\/index.php\/wp-json\/wp\/v2\/product_brand?post=3822"},{"taxonomy":"product_cat","embeddable":true,"href":"https:\/\/www.3devolution.it\/index.php\/wp-json\/wp\/v2\/product_cat?post=3822"},{"taxonomy":"product_tag","embeddable":true,"href":"https:\/\/www.3devolution.it\/index.php\/wp-json\/wp\/v2\/product_tag?post=3822"}],"curies":[{"name":"wp","href":"https:\/\/api.w.org\/{rel}","templated":true}]}}