{"id":3750,"date":"2019-01-18T14:06:13","date_gmt":"2019-01-18T13:06:13","guid":{"rendered":"http:\/\/dev.3devolution.it\/?post_type=product&#038;p=3750"},"modified":"2024-08-18T12:56:26","modified_gmt":"2024-08-18T10:56:26","slug":"big","status":"publish","type":"product","link":"https:\/\/www.3devolution.it\/index.php\/product\/big\/","title":{"rendered":"BIG"},"content":{"rendered":"<section class=\"av_textblock_section \">\n<div class=\"avia_textblock \"><\/div>\n<\/section>\n<div class=\"flex_column av_one_third  flex_column_div av-zero-column-padding   avia-builder-el-3  el_after_av_two_third  el_before_av_one_third  \">\n<section class=\"av_textblock_section \">\n<div class=\"avia_textblock  \">\n<h3><b>CHI HA DETTO CHE LE<\/b><\/h3>\n<h3><b>DIMENSIONI NON CONTANO?<\/b><\/h3>\n<h4><strong>475 x 242 x 340 mm bastano?<\/strong><\/h4>\n<h4><b>Ecco la soluzione BIG!<\/b><\/h4>\n<p>\u00c8 disponibile da oggi BIG, una stampante 3D a resina con un rapporto prezzo\/volume di stampa impensabile fino a poco tempo fa.<\/p>\n<p>\u00c8 facile da utilizzare, economica, robusta e affidabile. Le resine a disposizione permettono di realizzare oggetti resistenti e che ben si prestano a essere trattati.<\/p>\n<p>La stampante \u00e8 corredata dalla vasca di lavaggio e dal suo speciale fornetto CURE programmabile che ti permette di concludere il processo di polimerizzazione.<\/p>\n<p>Da oggi puoi affrontare la produzione di pezzi stampati in 3D con qualit\u00e0 ineguagliabile.<\/p>\n<p>Sharebot offre la possibilit\u00e0 anche di soluzioni a noleggio.<\/p>\n<\/div>\n<\/section>\n<\/div>\n<div class=\"flex_column av_one_third  flex_column_div av-zero-column-padding first  avia-builder-el-5  el_after_av_one_third  el_before_av_two_third  column-top-margin\">\n<section class=\"av_textblock_section \">\n<div class=\"avia_textblock  \">\n<h3><\/h3>\n<h3><b>Geometrie impossibili?<\/b><\/h3>\n<h4><b>Ecco la soluzione BIG!<\/b><\/h4>\n<p>Con BIG, la stampante 3D a resina di grande formato, puoi esprimere tutta la tua fantasia con forme non solo geometriche, ma anche artistiche e architettoniche.<\/p>\n<p>Qualsiasi oggetto pu\u00f2 essere realizzato con semplicit\u00e0 e grazie alla facilit\u00e0 di post-produzione \u00e8 possibile levigarlo, colorarlo o lucidarlo per ottenere gli speciali effetti desiderati.<\/p>\n<p>Guarda l\u2019esempio nell\u2019immagine, una struttura impossibile da realizzare se non con la stampa 3D e una soluzione di stampa eccezionale BIG+CURE!<\/p>\n<\/div>\n<\/section>\n<section class=\"av_textblock_section \">\n<div class=\"avia_textblock  \">\n<h2><\/h2>\n<h2>Sharebot Cure<\/h2>\n<\/div>\n<\/section>\n<section class=\"av_textblock_section \">\n<div class=\"avia_textblock  \">\n<p>Gli oggetti stampati con resine hanno necessit\u00e0 di essere trattati per <strong>rimuovere eventuali residui<\/strong> di resina e poi <strong>terminare la polimerizzazione<\/strong> sotto luce intensa.<\/p>\n<p>Ecco che Sharebot, insieme alla stampante, fornisce una vasca per il lavaggio e un <strong>box luce ad alta intensit\u00e0<\/strong> e\u2026 un piccolo segreto per migliorare la polimerizzazione che troverete nella guida.<\/p>\n<p>Il processo di fotopolimerizzazione pu\u00f2 avere una durata variabile a secondo dei pezzi e della resina utilizzata. Il Box <strong>CURE<\/strong> \u00e8 fornito di un\u2019interfaccia di accensione-spegnimento e regolazione dei tempi di illuminazione.<\/p>\n<\/div>\n<\/section>\n<p>&nbsp;<\/p>\n<\/div>\n<div class=\"avia-progress-bar orange-bar icon-bar-no\">\n<div class=\"progress avia_start_animation\">\n<div class=\"bar-outer\">\n<div class=\"bar\" data-progress=\"60\"><\/div>\n<\/div>\n<\/div>\n<\/div>\n<section class=\"av_textblock_section \">\n<div class=\"flex_column av_one_half flex_column_table_cell av-equal-height-column av-align-middle av-zero-column-padding first avia-builder-el-35 el_before_av_one_half avia-builder-el-first \">\n<div class=\"avia-button-wrap avia-button-left avia-builder-el-39 el_after_av_progress avia-builder-el-last \"><\/div>\n<\/div>\n<\/section>\n","protected":false},"excerpt":{"rendered":"<p>CHI HA DETTO CHE LE DIMENSIONI NON CONTANO? 475 x 242 x 340 mm bastano? Ecco la soluzione BIG! \u00c8 disponibile da oggi BIG, una stampante 3D a resina con un rapporto prezzo\/volume di stampa impensabile fino a poco tempo fa. \u00c8 facile da utilizzare, economica, robusta e affidabile. Le resine a disposizione permettono di<\/p>\n","protected":false},"featured_media":3751,"comment_status":"open","ping_status":"closed","template":"","meta":{"jetpack_post_was_ever_published":false,"jetpack_publicize_message":"","jetpack_publicize_feature_enabled":true,"jetpack_social_post_already_shared":true,"jetpack_social_options":{"image_generator_settings":{"template":"highway","enabled":false},"version":2}},"product_brand":[],"product_cat":[58,110],"product_tag":[],"class_list":{"0":"post-3750","1":"product","2":"type-product","3":"status-publish","4":"has-post-thumbnail","6":"product_cat-stampanti-3d","7":"product_cat-stampanti-professionali","9":"first","10":"instock","11":"taxable","12":"shipping-taxable","13":"product-type-external"},"jetpack_publicize_connections":[],"yoast_head":"<!-- This site is optimized with the Yoast SEO plugin v24.5 - https:\/\/yoast.com\/wordpress\/plugins\/seo\/ -->\n<title>BIG - 3Devolution<\/title>\n<meta name=\"robots\" content=\"index, follow, max-snippet:-1, max-image-preview:large, max-video-preview:-1\" \/>\n<link rel=\"canonical\" href=\"https:\/\/www.3devolution.it\/index.php\/product\/big\/\" \/>\n<meta property=\"og:locale\" content=\"it_IT\" \/>\n<meta property=\"og:type\" content=\"article\" \/>\n<meta property=\"og:title\" content=\"BIG - 3Devolution\" \/>\n<meta property=\"og:description\" content=\"CHI HA DETTO CHE LE DIMENSIONI NON CONTANO? 475 x 242 x 340 mm bastano? Ecco la soluzione BIG! \u00c8 disponibile da oggi BIG, una stampante 3D a resina con un rapporto prezzo\/volume di stampa impensabile fino a poco tempo fa. \u00c8 facile da utilizzare, economica, robusta e affidabile. Le resine a disposizione permettono di\" \/>\n<meta property=\"og:url\" content=\"https:\/\/www.3devolution.it\/index.php\/product\/big\/\" \/>\n<meta property=\"og:site_name\" content=\"3Devolution\" \/>\n<meta property=\"article:publisher\" content=\"https:\/\/www.facebook.com\/3devolution-1474000779504098\/\" \/>\n<meta property=\"article:modified_time\" content=\"2024-08-18T10:56:26+00:00\" \/>\n<meta property=\"og:image\" content=\"https:\/\/www.3devolution.it\/wp-content\/uploads\/2019\/01\/BIG.jpg\" \/>\n\t<meta property=\"og:image:width\" content=\"1649\" \/>\n\t<meta property=\"og:image:height\" content=\"1483\" \/>\n\t<meta property=\"og:image:type\" content=\"image\/jpeg\" \/>\n<meta name=\"twitter:card\" content=\"summary_large_image\" \/>\n<meta name=\"twitter:label1\" content=\"Tempo di lettura stimato\" \/>\n\t<meta name=\"twitter:data1\" content=\"1 minuto\" \/>\n<script type=\"application\/ld+json\" class=\"yoast-schema-graph\">{\"@context\":\"https:\/\/schema.org\",\"@graph\":[{\"@type\":\"WebPage\",\"@id\":\"https:\/\/www.3devolution.it\/index.php\/product\/big\/\",\"url\":\"https:\/\/www.3devolution.it\/index.php\/product\/big\/\",\"name\":\"BIG - 3Devolution\",\"isPartOf\":{\"@id\":\"https:\/\/www.3devolution.it\/#website\"},\"primaryImageOfPage\":{\"@id\":\"https:\/\/www.3devolution.it\/index.php\/product\/big\/#primaryimage\"},\"image\":{\"@id\":\"https:\/\/www.3devolution.it\/index.php\/product\/big\/#primaryimage\"},\"thumbnailUrl\":\"https:\/\/www.3devolution.it\/wp-content\/uploads\/2019\/01\/BIG.jpg\",\"datePublished\":\"2019-01-18T13:06:13+00:00\",\"dateModified\":\"2024-08-18T10:56:26+00:00\",\"breadcrumb\":{\"@id\":\"https:\/\/www.3devolution.it\/index.php\/product\/big\/#breadcrumb\"},\"inLanguage\":\"it-IT\",\"potentialAction\":[{\"@type\":\"ReadAction\",\"target\":[\"https:\/\/www.3devolution.it\/index.php\/product\/big\/\"]}]},{\"@type\":\"ImageObject\",\"inLanguage\":\"it-IT\",\"@id\":\"https:\/\/www.3devolution.it\/index.php\/product\/big\/#primaryimage\",\"url\":\"https:\/\/www.3devolution.it\/wp-content\/uploads\/2019\/01\/BIG.jpg\",\"contentUrl\":\"https:\/\/www.3devolution.it\/wp-content\/uploads\/2019\/01\/BIG.jpg\",\"width\":1649,\"height\":1483},{\"@type\":\"BreadcrumbList\",\"@id\":\"https:\/\/www.3devolution.it\/index.php\/product\/big\/#breadcrumb\",\"itemListElement\":[{\"@type\":\"ListItem\",\"position\":1,\"name\":\"Home\",\"item\":\"https:\/\/www.3devolution.it\/\"},{\"@type\":\"ListItem\",\"position\":2,\"name\":\"Shop\",\"item\":\"https:\/\/www.3devolution.it\/index.php\/negozio\/\"},{\"@type\":\"ListItem\",\"position\":3,\"name\":\"BIG\"}]},{\"@type\":\"WebSite\",\"@id\":\"https:\/\/www.3devolution.it\/#website\",\"url\":\"https:\/\/www.3devolution.it\/\",\"name\":\"3Devolution\",\"description\":\"Tutto per la stampa 3d, filamenti, stampanti 3d\",\"potentialAction\":[{\"@type\":\"SearchAction\",\"target\":{\"@type\":\"EntryPoint\",\"urlTemplate\":\"https:\/\/www.3devolution.it\/?s={search_term_string}\"},\"query-input\":{\"@type\":\"PropertyValueSpecification\",\"valueRequired\":true,\"valueName\":\"search_term_string\"}}],\"inLanguage\":\"it-IT\"}]}<\/script>\n<!-- \/ Yoast SEO plugin. -->","yoast_head_json":{"title":"BIG - 3Devolution","robots":{"index":"index","follow":"follow","max-snippet":"max-snippet:-1","max-image-preview":"max-image-preview:large","max-video-preview":"max-video-preview:-1"},"canonical":"https:\/\/www.3devolution.it\/index.php\/product\/big\/","og_locale":"it_IT","og_type":"article","og_title":"BIG - 3Devolution","og_description":"CHI HA DETTO CHE LE DIMENSIONI NON CONTANO? 475 x 242 x 340 mm bastano? Ecco la soluzione BIG! \u00c8 disponibile da oggi BIG, una stampante 3D a resina con un rapporto prezzo\/volume di stampa impensabile fino a poco tempo fa. \u00c8 facile da utilizzare, economica, robusta e affidabile. Le resine a disposizione permettono di","og_url":"https:\/\/www.3devolution.it\/index.php\/product\/big\/","og_site_name":"3Devolution","article_publisher":"https:\/\/www.facebook.com\/3devolution-1474000779504098\/","article_modified_time":"2024-08-18T10:56:26+00:00","og_image":[{"width":1649,"height":1483,"url":"https:\/\/www.3devolution.it\/wp-content\/uploads\/2019\/01\/BIG.jpg","type":"image\/jpeg"}],"twitter_card":"summary_large_image","twitter_misc":{"Tempo di lettura stimato":"1 minuto"},"schema":{"@context":"https:\/\/schema.org","@graph":[{"@type":"WebPage","@id":"https:\/\/www.3devolution.it\/index.php\/product\/big\/","url":"https:\/\/www.3devolution.it\/index.php\/product\/big\/","name":"BIG - 3Devolution","isPartOf":{"@id":"https:\/\/www.3devolution.it\/#website"},"primaryImageOfPage":{"@id":"https:\/\/www.3devolution.it\/index.php\/product\/big\/#primaryimage"},"image":{"@id":"https:\/\/www.3devolution.it\/index.php\/product\/big\/#primaryimage"},"thumbnailUrl":"https:\/\/www.3devolution.it\/wp-content\/uploads\/2019\/01\/BIG.jpg","datePublished":"2019-01-18T13:06:13+00:00","dateModified":"2024-08-18T10:56:26+00:00","breadcrumb":{"@id":"https:\/\/www.3devolution.it\/index.php\/product\/big\/#breadcrumb"},"inLanguage":"it-IT","potentialAction":[{"@type":"ReadAction","target":["https:\/\/www.3devolution.it\/index.php\/product\/big\/"]}]},{"@type":"ImageObject","inLanguage":"it-IT","@id":"https:\/\/www.3devolution.it\/index.php\/product\/big\/#primaryimage","url":"https:\/\/www.3devolution.it\/wp-content\/uploads\/2019\/01\/BIG.jpg","contentUrl":"https:\/\/www.3devolution.it\/wp-content\/uploads\/2019\/01\/BIG.jpg","width":1649,"height":1483},{"@type":"BreadcrumbList","@id":"https:\/\/www.3devolution.it\/index.php\/product\/big\/#breadcrumb","itemListElement":[{"@type":"ListItem","position":1,"name":"Home","item":"https:\/\/www.3devolution.it\/"},{"@type":"ListItem","position":2,"name":"Shop","item":"https:\/\/www.3devolution.it\/index.php\/negozio\/"},{"@type":"ListItem","position":3,"name":"BIG"}]},{"@type":"WebSite","@id":"https:\/\/www.3devolution.it\/#website","url":"https:\/\/www.3devolution.it\/","name":"3Devolution","description":"Tutto per la stampa 3d, filamenti, stampanti 3d","potentialAction":[{"@type":"SearchAction","target":{"@type":"EntryPoint","urlTemplate":"https:\/\/www.3devolution.it\/?s={search_term_string}"},"query-input":{"@type":"PropertyValueSpecification","valueRequired":true,"valueName":"search_term_string"}}],"inLanguage":"it-IT"}]}},"jetpack_sharing_enabled":true,"_links":{"self":[{"href":"https:\/\/www.3devolution.it\/index.php\/wp-json\/wp\/v2\/product\/3750","targetHints":{"allow":["GET"]}}],"collection":[{"href":"https:\/\/www.3devolution.it\/index.php\/wp-json\/wp\/v2\/product"}],"about":[{"href":"https:\/\/www.3devolution.it\/index.php\/wp-json\/wp\/v2\/types\/product"}],"replies":[{"embeddable":true,"href":"https:\/\/www.3devolution.it\/index.php\/wp-json\/wp\/v2\/comments?post=3750"}],"wp:featuredmedia":[{"embeddable":true,"href":"https:\/\/www.3devolution.it\/index.php\/wp-json\/wp\/v2\/media\/3751"}],"wp:attachment":[{"href":"https:\/\/www.3devolution.it\/index.php\/wp-json\/wp\/v2\/media?parent=3750"}],"wp:term":[{"taxonomy":"product_brand","embeddable":true,"href":"https:\/\/www.3devolution.it\/index.php\/wp-json\/wp\/v2\/product_brand?post=3750"},{"taxonomy":"product_cat","embeddable":true,"href":"https:\/\/www.3devolution.it\/index.php\/wp-json\/wp\/v2\/product_cat?post=3750"},{"taxonomy":"product_tag","embeddable":true,"href":"https:\/\/www.3devolution.it\/index.php\/wp-json\/wp\/v2\/product_tag?post=3750"}],"curies":[{"name":"wp","href":"https:\/\/api.w.org\/{rel}","templated":true}]}}