{"id":3228,"date":"2018-12-18T15:15:33","date_gmt":"2018-12-18T14:15:33","guid":{"rendered":"http:\/\/dev.3devolution.it\/index.php\/product\/thermec-zed-175-mm-250-gr\/"},"modified":"2024-04-05T22:31:25","modified_gmt":"2024-04-05T20:31:25","slug":"alfapeek-175-mm-250-gr","status":"publish","type":"product","link":"https:\/\/www.3devolution.it\/index.php\/product\/alfapeek-175-mm-250-gr\/","title":{"rendered":"ALFAPEEK \u00d8 1,75 mm &#8211; 250 gr."},"content":{"rendered":"<p>THERMEC \u00a0ZED \u00e8 un filamento termoplastico tra i pi\u00f9 nobili e performanti in assoluto, la soluzione per tutte le SFIDE nella stampa 3D.<\/p>\n<p>THERMEC \u00a0ZED garantisce un&#8217;eccellente adesione tra gli strati, prevenendo la delaminazione e assicurando ritiri minimi durante il processo di stampa e ottima stabilit\u00e0 dimensionale.<\/p>\n<p>Ha inoltre un&#8217;ottima processabilit\u00e0, pi\u00f9 semplice di un ABS, garantisce tempi di stampa ridotti e eccezionali risultati in termini di propriet\u00e0 meccaniche e di resistenza chimica (non si conosce solvente in grado di attaccarlo fino ai 200\u00b0C)<\/p>\n<p>&gt;<\/p>\n<p>Ottimo per chi lavora o vorrebbe lavorare con il PEEK ma con molta pi\u00f9 semplicit\u00e0 di stampa.<br \/>\nTemperatura d&#8217;estrusione 300 &#8211; 330\u00b0C<\/p>\n<p>+ Inerte chimicamente<br \/>\n+ Resistente agli urti<br \/>\n+ Autoestinguente<br \/>\n+ Post lavorabile<\/p>\n","protected":false},"excerpt":{"rendered":"<p>Resistente agli urti &#8211; Autoestinguente &#8211; 250 gr.<\/p>\n","protected":false},"featured_media":3632,"comment_status":"open","ping_status":"closed","template":"","meta":{"jetpack_post_was_ever_published":false,"jetpack_publicize_message":"","jetpack_publicize_feature_enabled":true,"jetpack_social_post_already_shared":true,"jetpack_social_options":{"image_generator_settings":{"template":"highway","enabled":false},"version":2}},"product_brand":[],"product_cat":[60,103,130],"product_tag":[],"class_list":{"0":"post-3228","1":"product","2":"type-product","3":"status-publish","4":"has-post-thumbnail","6":"product_cat-filamenti","7":"product_cat-speciali","8":"product_cat-thez","10":"first","11":"instock","12":"taxable","13":"shipping-taxable","14":"purchasable","15":"product-type-simple"},"jetpack_publicize_connections":[],"yoast_head":"<!-- This site is optimized with the Yoast SEO plugin v24.5 - https:\/\/yoast.com\/wordpress\/plugins\/seo\/ -->\n<title>ALFAPEEK \u00d8 1,75 mm - 250 gr. - 3Devolution<\/title>\n<meta name=\"robots\" content=\"index, follow, max-snippet:-1, max-image-preview:large, max-video-preview:-1\" \/>\n<link rel=\"canonical\" href=\"https:\/\/www.3devolution.it\/index.php\/product\/alfapeek-175-mm-250-gr\/\" \/>\n<meta property=\"og:locale\" content=\"it_IT\" \/>\n<meta property=\"og:type\" content=\"article\" \/>\n<meta property=\"og:title\" content=\"ALFAPEEK \u00d8 1,75 mm - 250 gr. - 3Devolution\" \/>\n<meta property=\"og:description\" content=\"Resistente agli urti - Autoestinguente - 250 gr.\" \/>\n<meta property=\"og:url\" content=\"https:\/\/www.3devolution.it\/index.php\/product\/alfapeek-175-mm-250-gr\/\" \/>\n<meta property=\"og:site_name\" content=\"3Devolution\" \/>\n<meta property=\"article:publisher\" content=\"https:\/\/www.facebook.com\/3devolution-1474000779504098\/\" \/>\n<meta property=\"article:modified_time\" content=\"2024-04-05T20:31:25+00:00\" \/>\n<meta property=\"og:image\" content=\"https:\/\/www.3devolution.it\/wp-content\/uploads\/2018\/12\/thermec-z3d-o-175-mm-250g-2.jpg\" \/>\n\t<meta property=\"og:image:width\" content=\"800\" \/>\n\t<meta property=\"og:image:height\" content=\"800\" \/>\n\t<meta property=\"og:image:type\" content=\"image\/jpeg\" \/>\n<meta name=\"twitter:card\" content=\"summary_large_image\" \/>\n<meta name=\"twitter:label1\" content=\"Tempo di lettura stimato\" \/>\n\t<meta name=\"twitter:data1\" content=\"1 minuto\" \/>\n<script type=\"application\/ld+json\" class=\"yoast-schema-graph\">{\"@context\":\"https:\/\/schema.org\",\"@graph\":[{\"@type\":\"WebPage\",\"@id\":\"https:\/\/www.3devolution.it\/index.php\/product\/alfapeek-175-mm-250-gr\/\",\"url\":\"https:\/\/www.3devolution.it\/index.php\/product\/alfapeek-175-mm-250-gr\/\",\"name\":\"ALFAPEEK \u00d8 1,75 mm - 250 gr. - 3Devolution\",\"isPartOf\":{\"@id\":\"https:\/\/www.3devolution.it\/#website\"},\"primaryImageOfPage\":{\"@id\":\"https:\/\/www.3devolution.it\/index.php\/product\/alfapeek-175-mm-250-gr\/#primaryimage\"},\"image\":{\"@id\":\"https:\/\/www.3devolution.it\/index.php\/product\/alfapeek-175-mm-250-gr\/#primaryimage\"},\"thumbnailUrl\":\"https:\/\/www.3devolution.it\/wp-content\/uploads\/2018\/12\/thermec-z3d-o-175-mm-250g-2.jpg\",\"datePublished\":\"2018-12-18T14:15:33+00:00\",\"dateModified\":\"2024-04-05T20:31:25+00:00\",\"breadcrumb\":{\"@id\":\"https:\/\/www.3devolution.it\/index.php\/product\/alfapeek-175-mm-250-gr\/#breadcrumb\"},\"inLanguage\":\"it-IT\",\"potentialAction\":[{\"@type\":\"ReadAction\",\"target\":[\"https:\/\/www.3devolution.it\/index.php\/product\/alfapeek-175-mm-250-gr\/\"]}]},{\"@type\":\"ImageObject\",\"inLanguage\":\"it-IT\",\"@id\":\"https:\/\/www.3devolution.it\/index.php\/product\/alfapeek-175-mm-250-gr\/#primaryimage\",\"url\":\"https:\/\/www.3devolution.it\/wp-content\/uploads\/2018\/12\/thermec-z3d-o-175-mm-250g-2.jpg\",\"contentUrl\":\"https:\/\/www.3devolution.it\/wp-content\/uploads\/2018\/12\/thermec-z3d-o-175-mm-250g-2.jpg\",\"width\":800,\"height\":800,\"caption\":\"THERMEC ZED &#216; 1,75 mm - 250 gr.\"},{\"@type\":\"BreadcrumbList\",\"@id\":\"https:\/\/www.3devolution.it\/index.php\/product\/alfapeek-175-mm-250-gr\/#breadcrumb\",\"itemListElement\":[{\"@type\":\"ListItem\",\"position\":1,\"name\":\"Home\",\"item\":\"https:\/\/www.3devolution.it\/\"},{\"@type\":\"ListItem\",\"position\":2,\"name\":\"Shop\",\"item\":\"https:\/\/www.3devolution.it\/index.php\/negozio\/\"},{\"@type\":\"ListItem\",\"position\":3,\"name\":\"ALFAPEEK \u00d8 1,75 mm &#8211; 250 gr.\"}]},{\"@type\":\"WebSite\",\"@id\":\"https:\/\/www.3devolution.it\/#website\",\"url\":\"https:\/\/www.3devolution.it\/\",\"name\":\"3Devolution\",\"description\":\"Tutto per la stampa 3d, filamenti, stampanti 3d\",\"potentialAction\":[{\"@type\":\"SearchAction\",\"target\":{\"@type\":\"EntryPoint\",\"urlTemplate\":\"https:\/\/www.3devolution.it\/?s={search_term_string}\"},\"query-input\":{\"@type\":\"PropertyValueSpecification\",\"valueRequired\":true,\"valueName\":\"search_term_string\"}}],\"inLanguage\":\"it-IT\"}]}<\/script>\n<!-- \/ Yoast SEO plugin. -->","yoast_head_json":{"title":"ALFAPEEK \u00d8 1,75 mm - 250 gr. - 3Devolution","robots":{"index":"index","follow":"follow","max-snippet":"max-snippet:-1","max-image-preview":"max-image-preview:large","max-video-preview":"max-video-preview:-1"},"canonical":"https:\/\/www.3devolution.it\/index.php\/product\/alfapeek-175-mm-250-gr\/","og_locale":"it_IT","og_type":"article","og_title":"ALFAPEEK \u00d8 1,75 mm - 250 gr. - 3Devolution","og_description":"Resistente agli urti - Autoestinguente - 250 gr.","og_url":"https:\/\/www.3devolution.it\/index.php\/product\/alfapeek-175-mm-250-gr\/","og_site_name":"3Devolution","article_publisher":"https:\/\/www.facebook.com\/3devolution-1474000779504098\/","article_modified_time":"2024-04-05T20:31:25+00:00","og_image":[{"width":800,"height":800,"url":"https:\/\/www.3devolution.it\/wp-content\/uploads\/2018\/12\/thermec-z3d-o-175-mm-250g-2.jpg","type":"image\/jpeg"}],"twitter_card":"summary_large_image","twitter_misc":{"Tempo di lettura stimato":"1 minuto"},"schema":{"@context":"https:\/\/schema.org","@graph":[{"@type":"WebPage","@id":"https:\/\/www.3devolution.it\/index.php\/product\/alfapeek-175-mm-250-gr\/","url":"https:\/\/www.3devolution.it\/index.php\/product\/alfapeek-175-mm-250-gr\/","name":"ALFAPEEK \u00d8 1,75 mm - 250 gr. - 3Devolution","isPartOf":{"@id":"https:\/\/www.3devolution.it\/#website"},"primaryImageOfPage":{"@id":"https:\/\/www.3devolution.it\/index.php\/product\/alfapeek-175-mm-250-gr\/#primaryimage"},"image":{"@id":"https:\/\/www.3devolution.it\/index.php\/product\/alfapeek-175-mm-250-gr\/#primaryimage"},"thumbnailUrl":"https:\/\/www.3devolution.it\/wp-content\/uploads\/2018\/12\/thermec-z3d-o-175-mm-250g-2.jpg","datePublished":"2018-12-18T14:15:33+00:00","dateModified":"2024-04-05T20:31:25+00:00","breadcrumb":{"@id":"https:\/\/www.3devolution.it\/index.php\/product\/alfapeek-175-mm-250-gr\/#breadcrumb"},"inLanguage":"it-IT","potentialAction":[{"@type":"ReadAction","target":["https:\/\/www.3devolution.it\/index.php\/product\/alfapeek-175-mm-250-gr\/"]}]},{"@type":"ImageObject","inLanguage":"it-IT","@id":"https:\/\/www.3devolution.it\/index.php\/product\/alfapeek-175-mm-250-gr\/#primaryimage","url":"https:\/\/www.3devolution.it\/wp-content\/uploads\/2018\/12\/thermec-z3d-o-175-mm-250g-2.jpg","contentUrl":"https:\/\/www.3devolution.it\/wp-content\/uploads\/2018\/12\/thermec-z3d-o-175-mm-250g-2.jpg","width":800,"height":800,"caption":"THERMEC ZED &#216; 1,75 mm - 250 gr."},{"@type":"BreadcrumbList","@id":"https:\/\/www.3devolution.it\/index.php\/product\/alfapeek-175-mm-250-gr\/#breadcrumb","itemListElement":[{"@type":"ListItem","position":1,"name":"Home","item":"https:\/\/www.3devolution.it\/"},{"@type":"ListItem","position":2,"name":"Shop","item":"https:\/\/www.3devolution.it\/index.php\/negozio\/"},{"@type":"ListItem","position":3,"name":"ALFAPEEK \u00d8 1,75 mm &#8211; 250 gr."}]},{"@type":"WebSite","@id":"https:\/\/www.3devolution.it\/#website","url":"https:\/\/www.3devolution.it\/","name":"3Devolution","description":"Tutto per la stampa 3d, filamenti, stampanti 3d","potentialAction":[{"@type":"SearchAction","target":{"@type":"EntryPoint","urlTemplate":"https:\/\/www.3devolution.it\/?s={search_term_string}"},"query-input":{"@type":"PropertyValueSpecification","valueRequired":true,"valueName":"search_term_string"}}],"inLanguage":"it-IT"}]}},"jetpack_sharing_enabled":true,"_links":{"self":[{"href":"https:\/\/www.3devolution.it\/index.php\/wp-json\/wp\/v2\/product\/3228","targetHints":{"allow":["GET"]}}],"collection":[{"href":"https:\/\/www.3devolution.it\/index.php\/wp-json\/wp\/v2\/product"}],"about":[{"href":"https:\/\/www.3devolution.it\/index.php\/wp-json\/wp\/v2\/types\/product"}],"replies":[{"embeddable":true,"href":"https:\/\/www.3devolution.it\/index.php\/wp-json\/wp\/v2\/comments?post=3228"}],"wp:featuredmedia":[{"embeddable":true,"href":"https:\/\/www.3devolution.it\/index.php\/wp-json\/wp\/v2\/media\/3632"}],"wp:attachment":[{"href":"https:\/\/www.3devolution.it\/index.php\/wp-json\/wp\/v2\/media?parent=3228"}],"wp:term":[{"taxonomy":"product_brand","embeddable":true,"href":"https:\/\/www.3devolution.it\/index.php\/wp-json\/wp\/v2\/product_brand?post=3228"},{"taxonomy":"product_cat","embeddable":true,"href":"https:\/\/www.3devolution.it\/index.php\/wp-json\/wp\/v2\/product_cat?post=3228"},{"taxonomy":"product_tag","embeddable":true,"href":"https:\/\/www.3devolution.it\/index.php\/wp-json\/wp\/v2\/product_tag?post=3228"}],"curies":[{"name":"wp","href":"https:\/\/api.w.org\/{rel}","templated":true}]}}