{"id":3226,"date":"2018-12-18T15:15:32","date_gmt":"2018-12-18T14:15:32","guid":{"rendered":"http:\/\/dev.3devolution.it\/index.php\/product\/sharebot-xxl-plus\/"},"modified":"2026-04-18T17:45:07","modified_gmt":"2026-04-18T15:45:07","slug":"sharebot-xxl-plus","status":"publish","type":"product","link":"https:\/\/www.3devolution.it\/index.php\/product\/sharebot-xxl-plus\/","title":{"rendered":"SHAREBOT XXL PLUS"},"content":{"rendered":"<p><strong>Sharebot XXL Plus \u00e8 la stampante 3D professionale di grande formato, diretta evoluzione di Sharebot XXL, la prima stampante 3D professionale con area di stampa di grandi dimensioni lanciata sul mercato. Come la versione precedente, anche Sharebot XXL Plus utilizza la tecnologia di stampa 3D FFF (Fused Filament Fabrication). Sharebot XXL Plus mantiene invariate le dimensioni esterne rispetto alla versione precedente e ne ripropone, aggiornato, il design semplice, pulito e innovativo. L&#8217;area di stampa disponibile \u00e8 maggiore: 705 x 250 x 200 mm ed \u00e8 stato introdotto un nuovo sistema di riscaldamento del piatto di stampa.<\/strong><\/p>\n<p>Il nuovo sistema di calibrazione degli assi X e Y (l&#8217;asse Y ha ora due motori indipendenti) permette di avere un processo di stampa pi\u00f9 preciso: una novit\u00e0 introdotta per fornire un prodotto professionale per chiunque ricerchi il massimo della qualit\u00e0 dalle proprie stampe; per garantire la massima precisione di stampa, \u00e8 stato introdotto anche un nuovo sistema di livellamento del piano di stampa basato su sensori induttivi. Sharebot XXL Plus richiede poca manutenzione ed \u00e8 pronta a stampare in pochi secondi con un&#8217;interfaccia di utilizzo semplice, rapida e chiara. La gestione del processo di stampa di Sharebot XXL Plus avviene tramite schermo LCD (che riporta tutte le informazioni sulla stampa) e la manopola di controllo con sistema punta-e-clicca che permette di navigare velocemente nel menu della stampante.<\/p>\n<p>Il sensore di presenza del filamento, gi\u00e0 presente su Sharebot XXL, \u00e8 stato rinnovato per fornire prestazioni migliori e ottimizzare il flusso di stampa. Nel caso in cui il filamento terminasse prima della fine del processo di stampa, il sensore di presenza del filamento mette in pausa la stampante, permettendo di intervenire, cambiare la bobina e riprendere la stampa senza dover rinunciare al modello in lavorazione.<\/p>\n<h5>*le dimensioni del piano di stampa possono variare per motivi tecnici<\/h5>\n<p>integrato<\/p>\n<table class=\"sf-table standard_minimal\">\n<tbody>\n<tr>\n<td width=\"250px\">Colori disponibili<\/td>\n<td>Nera<\/td>\n<\/tr>\n<tr>\n<td>Peso<\/td>\n<td>38Kg<\/td>\n<\/tr>\n<tr>\n<td>Scocca<\/td>\n<td>Acciaio Inox<\/td>\n<\/tr>\n<tr>\n<td>Carter<\/td>\n<td>Plexiglass<\/td>\n<\/tr>\n<tr>\n<td>Ingombro<\/td>\n<td>955 x 470 x 445 mm *<\/td>\n<\/tr>\n<tr>\n<td>Velocit\u00e0 massima<\/td>\n<td>150cm3\/h<\/td>\n<\/tr>\n<tr>\n<td>Ugello<\/td>\n<td>0.4 mm<\/td>\n<\/tr>\n<tr>\n<td>Spessore minimo dello strato<\/td>\n<td>0.1 mm<\/td>\n<\/tr>\n<tr>\n<td>Piano riscaldato<\/td>\n<\/tr>\n<tr>\n<td>SENSORE DI PRESENZA<br \/>\nFILAMENTO INTEGRATO<\/td>\n<\/tr>\n<tr>\n<td>LCD monitor<\/td>\n<td>Integrato<\/td>\n<\/tr>\n<tr>\n<td>Area di stampa<\/td>\n<td>705 x 250 x 200 *<\/td>\n<\/tr>\n<tr>\n<td>Filamenti utilizzabili<\/td>\n<td>Filamenti da 1.75 mm<\/td>\n<\/tr>\n<\/tbody>\n<\/table>\n","protected":false},"excerpt":{"rendered":"<p>SHAREBOT XXL PLUS &#8211; SPEDIZIONE GRATUITA<\/p>\n","protected":false},"featured_media":3630,"comment_status":"open","ping_status":"closed","template":"","meta":{"jetpack_post_was_ever_published":false,"jetpack_publicize_message":"","jetpack_publicize_feature_enabled":true,"jetpack_social_post_already_shared":true,"jetpack_social_options":{"image_generator_settings":{"template":"highway","enabled":false},"version":2}},"product_brand":[],"product_cat":[58,110],"product_tag":[],"class_list":{"0":"post-3226","1":"product","2":"type-product","3":"status-publish","4":"has-post-thumbnail","6":"product_cat-stampanti-3d","7":"product_cat-stampanti-professionali","9":"first","10":"instock","11":"taxable","12":"shipping-taxable","13":"product-type-external"},"jetpack_publicize_connections":[],"yoast_head":"<!-- This site is optimized with the Yoast SEO plugin v24.5 - https:\/\/yoast.com\/wordpress\/plugins\/seo\/ -->\n<title>SHAREBOT XXL PLUS - 3Devolution<\/title>\n<meta name=\"robots\" content=\"index, follow, max-snippet:-1, max-image-preview:large, max-video-preview:-1\" \/>\n<link rel=\"canonical\" href=\"https:\/\/www.3devolution.it\/index.php\/product\/sharebot-xxl-plus\/\" \/>\n<meta property=\"og:locale\" content=\"it_IT\" \/>\n<meta property=\"og:type\" content=\"article\" \/>\n<meta property=\"og:title\" content=\"SHAREBOT XXL PLUS - 3Devolution\" \/>\n<meta property=\"og:description\" content=\"SHAREBOT XXL PLUS - SPEDIZIONE GRATUITA\" \/>\n<meta property=\"og:url\" content=\"https:\/\/www.3devolution.it\/index.php\/product\/sharebot-xxl-plus\/\" \/>\n<meta property=\"og:site_name\" content=\"3Devolution\" \/>\n<meta property=\"article:publisher\" content=\"https:\/\/www.facebook.com\/3devolution-1474000779504098\/\" \/>\n<meta property=\"article:modified_time\" content=\"2026-04-18T15:45:07+00:00\" \/>\n<meta property=\"og:image\" content=\"https:\/\/www.3devolution.it\/wp-content\/uploads\/2018\/12\/xxl_plus-3.jpg\" \/>\n\t<meta property=\"og:image:width\" content=\"1000\" \/>\n\t<meta property=\"og:image:height\" content=\"999\" \/>\n\t<meta property=\"og:image:type\" content=\"image\/jpeg\" \/>\n<meta name=\"twitter:card\" content=\"summary_large_image\" \/>\n<meta name=\"twitter:label1\" content=\"Tempo di lettura stimato\" \/>\n\t<meta name=\"twitter:data1\" content=\"2 minuti\" \/>\n<script type=\"application\/ld+json\" class=\"yoast-schema-graph\">{\"@context\":\"https:\/\/schema.org\",\"@graph\":[{\"@type\":\"WebPage\",\"@id\":\"https:\/\/www.3devolution.it\/index.php\/product\/sharebot-xxl-plus\/\",\"url\":\"https:\/\/www.3devolution.it\/index.php\/product\/sharebot-xxl-plus\/\",\"name\":\"SHAREBOT XXL PLUS - 3Devolution\",\"isPartOf\":{\"@id\":\"https:\/\/www.3devolution.it\/#website\"},\"primaryImageOfPage\":{\"@id\":\"https:\/\/www.3devolution.it\/index.php\/product\/sharebot-xxl-plus\/#primaryimage\"},\"image\":{\"@id\":\"https:\/\/www.3devolution.it\/index.php\/product\/sharebot-xxl-plus\/#primaryimage\"},\"thumbnailUrl\":\"https:\/\/www.3devolution.it\/wp-content\/uploads\/2018\/12\/xxl_plus-3.jpg\",\"datePublished\":\"2018-12-18T14:15:32+00:00\",\"dateModified\":\"2026-04-18T15:45:07+00:00\",\"breadcrumb\":{\"@id\":\"https:\/\/www.3devolution.it\/index.php\/product\/sharebot-xxl-plus\/#breadcrumb\"},\"inLanguage\":\"it-IT\",\"potentialAction\":[{\"@type\":\"ReadAction\",\"target\":[\"https:\/\/www.3devolution.it\/index.php\/product\/sharebot-xxl-plus\/\"]}]},{\"@type\":\"ImageObject\",\"inLanguage\":\"it-IT\",\"@id\":\"https:\/\/www.3devolution.it\/index.php\/product\/sharebot-xxl-plus\/#primaryimage\",\"url\":\"https:\/\/www.3devolution.it\/wp-content\/uploads\/2018\/12\/xxl_plus-3.jpg\",\"contentUrl\":\"https:\/\/www.3devolution.it\/wp-content\/uploads\/2018\/12\/xxl_plus-3.jpg\",\"width\":1000,\"height\":999,\"caption\":\"SHAREBOT XXL PLUS\"},{\"@type\":\"BreadcrumbList\",\"@id\":\"https:\/\/www.3devolution.it\/index.php\/product\/sharebot-xxl-plus\/#breadcrumb\",\"itemListElement\":[{\"@type\":\"ListItem\",\"position\":1,\"name\":\"Home\",\"item\":\"https:\/\/www.3devolution.it\/\"},{\"@type\":\"ListItem\",\"position\":2,\"name\":\"Shop\",\"item\":\"https:\/\/www.3devolution.it\/index.php\/negozio\/\"},{\"@type\":\"ListItem\",\"position\":3,\"name\":\"SHAREBOT XXL PLUS\"}]},{\"@type\":\"WebSite\",\"@id\":\"https:\/\/www.3devolution.it\/#website\",\"url\":\"https:\/\/www.3devolution.it\/\",\"name\":\"3Devolution\",\"description\":\"Tutto per la stampa 3d, filamenti, stampanti 3d\",\"potentialAction\":[{\"@type\":\"SearchAction\",\"target\":{\"@type\":\"EntryPoint\",\"urlTemplate\":\"https:\/\/www.3devolution.it\/?s={search_term_string}\"},\"query-input\":{\"@type\":\"PropertyValueSpecification\",\"valueRequired\":true,\"valueName\":\"search_term_string\"}}],\"inLanguage\":\"it-IT\"}]}<\/script>\n<!-- \/ Yoast SEO plugin. -->","yoast_head_json":{"title":"SHAREBOT XXL PLUS - 3Devolution","robots":{"index":"index","follow":"follow","max-snippet":"max-snippet:-1","max-image-preview":"max-image-preview:large","max-video-preview":"max-video-preview:-1"},"canonical":"https:\/\/www.3devolution.it\/index.php\/product\/sharebot-xxl-plus\/","og_locale":"it_IT","og_type":"article","og_title":"SHAREBOT XXL PLUS - 3Devolution","og_description":"SHAREBOT XXL PLUS - SPEDIZIONE GRATUITA","og_url":"https:\/\/www.3devolution.it\/index.php\/product\/sharebot-xxl-plus\/","og_site_name":"3Devolution","article_publisher":"https:\/\/www.facebook.com\/3devolution-1474000779504098\/","article_modified_time":"2026-04-18T15:45:07+00:00","og_image":[{"width":1000,"height":999,"url":"https:\/\/www.3devolution.it\/wp-content\/uploads\/2018\/12\/xxl_plus-3.jpg","type":"image\/jpeg"}],"twitter_card":"summary_large_image","twitter_misc":{"Tempo di lettura stimato":"2 minuti"},"schema":{"@context":"https:\/\/schema.org","@graph":[{"@type":"WebPage","@id":"https:\/\/www.3devolution.it\/index.php\/product\/sharebot-xxl-plus\/","url":"https:\/\/www.3devolution.it\/index.php\/product\/sharebot-xxl-plus\/","name":"SHAREBOT XXL PLUS - 3Devolution","isPartOf":{"@id":"https:\/\/www.3devolution.it\/#website"},"primaryImageOfPage":{"@id":"https:\/\/www.3devolution.it\/index.php\/product\/sharebot-xxl-plus\/#primaryimage"},"image":{"@id":"https:\/\/www.3devolution.it\/index.php\/product\/sharebot-xxl-plus\/#primaryimage"},"thumbnailUrl":"https:\/\/www.3devolution.it\/wp-content\/uploads\/2018\/12\/xxl_plus-3.jpg","datePublished":"2018-12-18T14:15:32+00:00","dateModified":"2026-04-18T15:45:07+00:00","breadcrumb":{"@id":"https:\/\/www.3devolution.it\/index.php\/product\/sharebot-xxl-plus\/#breadcrumb"},"inLanguage":"it-IT","potentialAction":[{"@type":"ReadAction","target":["https:\/\/www.3devolution.it\/index.php\/product\/sharebot-xxl-plus\/"]}]},{"@type":"ImageObject","inLanguage":"it-IT","@id":"https:\/\/www.3devolution.it\/index.php\/product\/sharebot-xxl-plus\/#primaryimage","url":"https:\/\/www.3devolution.it\/wp-content\/uploads\/2018\/12\/xxl_plus-3.jpg","contentUrl":"https:\/\/www.3devolution.it\/wp-content\/uploads\/2018\/12\/xxl_plus-3.jpg","width":1000,"height":999,"caption":"SHAREBOT XXL PLUS"},{"@type":"BreadcrumbList","@id":"https:\/\/www.3devolution.it\/index.php\/product\/sharebot-xxl-plus\/#breadcrumb","itemListElement":[{"@type":"ListItem","position":1,"name":"Home","item":"https:\/\/www.3devolution.it\/"},{"@type":"ListItem","position":2,"name":"Shop","item":"https:\/\/www.3devolution.it\/index.php\/negozio\/"},{"@type":"ListItem","position":3,"name":"SHAREBOT XXL PLUS"}]},{"@type":"WebSite","@id":"https:\/\/www.3devolution.it\/#website","url":"https:\/\/www.3devolution.it\/","name":"3Devolution","description":"Tutto per la stampa 3d, filamenti, stampanti 3d","potentialAction":[{"@type":"SearchAction","target":{"@type":"EntryPoint","urlTemplate":"https:\/\/www.3devolution.it\/?s={search_term_string}"},"query-input":{"@type":"PropertyValueSpecification","valueRequired":true,"valueName":"search_term_string"}}],"inLanguage":"it-IT"}]}},"jetpack_sharing_enabled":true,"_links":{"self":[{"href":"https:\/\/www.3devolution.it\/index.php\/wp-json\/wp\/v2\/product\/3226","targetHints":{"allow":["GET"]}}],"collection":[{"href":"https:\/\/www.3devolution.it\/index.php\/wp-json\/wp\/v2\/product"}],"about":[{"href":"https:\/\/www.3devolution.it\/index.php\/wp-json\/wp\/v2\/types\/product"}],"replies":[{"embeddable":true,"href":"https:\/\/www.3devolution.it\/index.php\/wp-json\/wp\/v2\/comments?post=3226"}],"wp:featuredmedia":[{"embeddable":true,"href":"https:\/\/www.3devolution.it\/index.php\/wp-json\/wp\/v2\/media\/3630"}],"wp:attachment":[{"href":"https:\/\/www.3devolution.it\/index.php\/wp-json\/wp\/v2\/media?parent=3226"}],"wp:term":[{"taxonomy":"product_brand","embeddable":true,"href":"https:\/\/www.3devolution.it\/index.php\/wp-json\/wp\/v2\/product_brand?post=3226"},{"taxonomy":"product_cat","embeddable":true,"href":"https:\/\/www.3devolution.it\/index.php\/wp-json\/wp\/v2\/product_cat?post=3226"},{"taxonomy":"product_tag","embeddable":true,"href":"https:\/\/www.3devolution.it\/index.php\/wp-json\/wp\/v2\/product_tag?post=3226"}],"curies":[{"name":"wp","href":"https:\/\/api.w.org\/{rel}","templated":true}]}}