{"id":3223,"date":"2018-12-18T15:36:31","date_gmt":"2018-12-18T14:36:31","guid":{"rendered":"http:\/\/dev.3devolution.it\/index.php\/product\/sharebot-q\/"},"modified":"2026-04-18T17:44:36","modified_gmt":"2026-04-18T15:44:36","slug":"sharebot-q","status":"publish","type":"product","link":"https:\/\/www.3devolution.it\/index.php\/product\/sharebot-q\/","title":{"rendered":"SHAREBOT Q"},"content":{"rendered":"<p><strong>SHAREBOT Q<\/strong><\/p>\n<p>Sharebot Q \u00e8 una stampante 3D professionale di grande formato (l&#8217;area di stampa \u00e8 di 297x420x300mm) che utilizza la tecnologia FFF (Fused Filament Fabrication) per realizzare prototipi professionali di alta qualit\u00e0.<\/p>\n<p><strong>Connettivit\u00e0<\/strong><br \/>\nSharebot Q offre la possibilit\u00e0 di gestire da remoto diverse code di stampa tramite il proprio device: questo permette al professionista di ottimizzare il flusso di lavoro e controllare pi\u00f9 processi di stampa con un unico click, anche su diverse stampanti 3D contemporaneamente.<\/p>\n<p><strong>Materiali<\/strong><br \/>\nIl porta-bobine integrato di Sharebot Q \u00e8 compatibile con bobine da 750g di diversi filamenti di stampa 3D e con le speciali bobine di PLA-S da 2.2kg, adatte ad un utilizzo intensivo e professionale della stampante 3D. Sharebot Q presenta inoltre un vano sottostante il piano di stampa magnetico, con porta-bobine integrato, per archiviare materiali di stampa ed ottimizzare il flusso di lavoro del professionista.<\/p>\n<p><strong>Estrusione<\/strong><br \/>\nIl processo di stampa risulta semplificato grazia alla presenza di un sistema a doppio trascinamento con motori sia sull&#8217;estrusore che in prossimit\u00e0 della bobina per facilitare l&#8217;estrusione. Inoltre il sistema di controllo di controllo del filamento consente di controllare la stampa, evitando di rovinare un prototipo nel caso di un problema al filamento.<\/p>\n<p><strong>CARATTERISTICHE<\/strong><\/p>\n<p>Area di stampa<br \/>\n297x420x300mm<\/p>\n<p>Monitor<br \/>\nLCD Touch Screen 5&#8243;<\/p>\n<p>Velocit\u00e0 massima di stampa<br \/>\n24 mm3\/sec<\/p>\n<p>Spessore minimo dello strato<br \/>\n0.05 mm<\/p>\n","protected":false},"excerpt":{"rendered":"<p><strong>SHAREBOT Q<\/strong><\/p>\n<p>Sharebot Q \u00e8 una stampante 3D professionale di grande formato (l&#8217;area di stampa \u00e8 di 297x420x300mm) che utilizza la tecnologia FFF (Fused Filament Fabrication) per realizzare prototipi professionali di alta qualit\u00e0.<\/p>\n<p><strong>Connettivit\u00e0<br \/>\n<\/strong>Sharebot Q offre la possibilit\u00e0 di gestire da remoto diverse code di stampa tramite il proprio device: questo permette al professionista di ottimizzare il flusso di lavoro e controllare pi\u00f9 processi di stampa con un unico click, anche su diverse stampanti 3D contemporaneamente.<\/p>\n","protected":false},"featured_media":3627,"comment_status":"open","ping_status":"closed","template":"","meta":{"jetpack_post_was_ever_published":false,"jetpack_publicize_message":"","jetpack_publicize_feature_enabled":true,"jetpack_social_post_already_shared":true,"jetpack_social_options":{"image_generator_settings":{"template":"highway","enabled":false},"version":2}},"product_brand":[],"product_cat":[58,110],"product_tag":[],"class_list":{"0":"post-3223","1":"product","2":"type-product","3":"status-publish","4":"has-post-thumbnail","6":"product_cat-stampanti-3d","7":"product_cat-stampanti-professionali","9":"first","10":"instock","11":"taxable","12":"shipping-taxable","13":"product-type-external"},"jetpack_publicize_connections":[],"yoast_head":"<!-- This site is optimized with the Yoast SEO plugin v24.5 - https:\/\/yoast.com\/wordpress\/plugins\/seo\/ -->\n<title>SHAREBOT Q - 3Devolution<\/title>\n<meta name=\"robots\" content=\"index, follow, max-snippet:-1, max-image-preview:large, max-video-preview:-1\" \/>\n<link rel=\"canonical\" href=\"https:\/\/www.3devolution.it\/index.php\/product\/sharebot-q\/\" \/>\n<meta property=\"og:locale\" content=\"it_IT\" \/>\n<meta property=\"og:type\" content=\"article\" \/>\n<meta property=\"og:title\" content=\"SHAREBOT Q - 3Devolution\" \/>\n<meta property=\"og:description\" content=\"SHAREBOT Q  Sharebot Q \u00e8 una stampante 3D professionale di grande formato (l&#039;area di stampa \u00e8 di 297x420x300mm) che utilizza la tecnologia FFF (Fused Filament Fabrication) per realizzare prototipi professionali di alta qualit\u00e0.  Connettivit\u00e0 Sharebot Q offre la possibilit\u00e0 di gestire da remoto diverse code di stampa tramite il proprio device: questo permette al professionista di ottimizzare il flusso di lavoro e controllare pi\u00f9 processi di stampa con un unico click, anche su diverse stampanti 3D contemporaneamente.\" \/>\n<meta property=\"og:url\" content=\"https:\/\/www.3devolution.it\/index.php\/product\/sharebot-q\/\" \/>\n<meta property=\"og:site_name\" content=\"3Devolution\" \/>\n<meta property=\"article:publisher\" content=\"https:\/\/www.facebook.com\/3devolution-1474000779504098\/\" \/>\n<meta property=\"article:modified_time\" content=\"2026-04-18T15:44:36+00:00\" \/>\n<meta property=\"og:image\" content=\"https:\/\/www.3devolution.it\/wp-content\/uploads\/2018\/12\/q_laterale_-2.jpg\" \/>\n\t<meta property=\"og:image:width\" content=\"1000\" \/>\n\t<meta property=\"og:image:height\" content=\"1001\" \/>\n\t<meta property=\"og:image:type\" content=\"image\/jpeg\" \/>\n<meta name=\"twitter:card\" content=\"summary_large_image\" \/>\n<meta name=\"twitter:label1\" content=\"Tempo di lettura stimato\" \/>\n\t<meta name=\"twitter:data1\" content=\"1 minuto\" \/>\n<script type=\"application\/ld+json\" class=\"yoast-schema-graph\">{\"@context\":\"https:\/\/schema.org\",\"@graph\":[{\"@type\":\"WebPage\",\"@id\":\"https:\/\/www.3devolution.it\/index.php\/product\/sharebot-q\/\",\"url\":\"https:\/\/www.3devolution.it\/index.php\/product\/sharebot-q\/\",\"name\":\"SHAREBOT Q - 3Devolution\",\"isPartOf\":{\"@id\":\"https:\/\/www.3devolution.it\/#website\"},\"primaryImageOfPage\":{\"@id\":\"https:\/\/www.3devolution.it\/index.php\/product\/sharebot-q\/#primaryimage\"},\"image\":{\"@id\":\"https:\/\/www.3devolution.it\/index.php\/product\/sharebot-q\/#primaryimage\"},\"thumbnailUrl\":\"https:\/\/www.3devolution.it\/wp-content\/uploads\/2018\/12\/q_laterale_-2.jpg\",\"datePublished\":\"2018-12-18T14:36:31+00:00\",\"dateModified\":\"2026-04-18T15:44:36+00:00\",\"breadcrumb\":{\"@id\":\"https:\/\/www.3devolution.it\/index.php\/product\/sharebot-q\/#breadcrumb\"},\"inLanguage\":\"it-IT\",\"potentialAction\":[{\"@type\":\"ReadAction\",\"target\":[\"https:\/\/www.3devolution.it\/index.php\/product\/sharebot-q\/\"]}]},{\"@type\":\"ImageObject\",\"inLanguage\":\"it-IT\",\"@id\":\"https:\/\/www.3devolution.it\/index.php\/product\/sharebot-q\/#primaryimage\",\"url\":\"https:\/\/www.3devolution.it\/wp-content\/uploads\/2018\/12\/q_laterale_-2.jpg\",\"contentUrl\":\"https:\/\/www.3devolution.it\/wp-content\/uploads\/2018\/12\/q_laterale_-2.jpg\",\"width\":1000,\"height\":1001,\"caption\":\"SHAREBOT Q\"},{\"@type\":\"BreadcrumbList\",\"@id\":\"https:\/\/www.3devolution.it\/index.php\/product\/sharebot-q\/#breadcrumb\",\"itemListElement\":[{\"@type\":\"ListItem\",\"position\":1,\"name\":\"Home\",\"item\":\"https:\/\/www.3devolution.it\/\"},{\"@type\":\"ListItem\",\"position\":2,\"name\":\"Shop\",\"item\":\"https:\/\/www.3devolution.it\/index.php\/negozio\/\"},{\"@type\":\"ListItem\",\"position\":3,\"name\":\"SHAREBOT Q\"}]},{\"@type\":\"WebSite\",\"@id\":\"https:\/\/www.3devolution.it\/#website\",\"url\":\"https:\/\/www.3devolution.it\/\",\"name\":\"3Devolution\",\"description\":\"Tutto per la stampa 3d, filamenti, stampanti 3d\",\"potentialAction\":[{\"@type\":\"SearchAction\",\"target\":{\"@type\":\"EntryPoint\",\"urlTemplate\":\"https:\/\/www.3devolution.it\/?s={search_term_string}\"},\"query-input\":{\"@type\":\"PropertyValueSpecification\",\"valueRequired\":true,\"valueName\":\"search_term_string\"}}],\"inLanguage\":\"it-IT\"}]}<\/script>\n<!-- \/ Yoast SEO plugin. -->","yoast_head_json":{"title":"SHAREBOT Q - 3Devolution","robots":{"index":"index","follow":"follow","max-snippet":"max-snippet:-1","max-image-preview":"max-image-preview:large","max-video-preview":"max-video-preview:-1"},"canonical":"https:\/\/www.3devolution.it\/index.php\/product\/sharebot-q\/","og_locale":"it_IT","og_type":"article","og_title":"SHAREBOT Q - 3Devolution","og_description":"SHAREBOT Q  Sharebot Q \u00e8 una stampante 3D professionale di grande formato (l'area di stampa \u00e8 di 297x420x300mm) che utilizza la tecnologia FFF (Fused Filament Fabrication) per realizzare prototipi professionali di alta qualit\u00e0.  Connettivit\u00e0 Sharebot Q offre la possibilit\u00e0 di gestire da remoto diverse code di stampa tramite il proprio device: questo permette al professionista di ottimizzare il flusso di lavoro e controllare pi\u00f9 processi di stampa con un unico click, anche su diverse stampanti 3D contemporaneamente.","og_url":"https:\/\/www.3devolution.it\/index.php\/product\/sharebot-q\/","og_site_name":"3Devolution","article_publisher":"https:\/\/www.facebook.com\/3devolution-1474000779504098\/","article_modified_time":"2026-04-18T15:44:36+00:00","og_image":[{"width":1000,"height":1001,"url":"https:\/\/www.3devolution.it\/wp-content\/uploads\/2018\/12\/q_laterale_-2.jpg","type":"image\/jpeg"}],"twitter_card":"summary_large_image","twitter_misc":{"Tempo di lettura stimato":"1 minuto"},"schema":{"@context":"https:\/\/schema.org","@graph":[{"@type":"WebPage","@id":"https:\/\/www.3devolution.it\/index.php\/product\/sharebot-q\/","url":"https:\/\/www.3devolution.it\/index.php\/product\/sharebot-q\/","name":"SHAREBOT Q - 3Devolution","isPartOf":{"@id":"https:\/\/www.3devolution.it\/#website"},"primaryImageOfPage":{"@id":"https:\/\/www.3devolution.it\/index.php\/product\/sharebot-q\/#primaryimage"},"image":{"@id":"https:\/\/www.3devolution.it\/index.php\/product\/sharebot-q\/#primaryimage"},"thumbnailUrl":"https:\/\/www.3devolution.it\/wp-content\/uploads\/2018\/12\/q_laterale_-2.jpg","datePublished":"2018-12-18T14:36:31+00:00","dateModified":"2026-04-18T15:44:36+00:00","breadcrumb":{"@id":"https:\/\/www.3devolution.it\/index.php\/product\/sharebot-q\/#breadcrumb"},"inLanguage":"it-IT","potentialAction":[{"@type":"ReadAction","target":["https:\/\/www.3devolution.it\/index.php\/product\/sharebot-q\/"]}]},{"@type":"ImageObject","inLanguage":"it-IT","@id":"https:\/\/www.3devolution.it\/index.php\/product\/sharebot-q\/#primaryimage","url":"https:\/\/www.3devolution.it\/wp-content\/uploads\/2018\/12\/q_laterale_-2.jpg","contentUrl":"https:\/\/www.3devolution.it\/wp-content\/uploads\/2018\/12\/q_laterale_-2.jpg","width":1000,"height":1001,"caption":"SHAREBOT Q"},{"@type":"BreadcrumbList","@id":"https:\/\/www.3devolution.it\/index.php\/product\/sharebot-q\/#breadcrumb","itemListElement":[{"@type":"ListItem","position":1,"name":"Home","item":"https:\/\/www.3devolution.it\/"},{"@type":"ListItem","position":2,"name":"Shop","item":"https:\/\/www.3devolution.it\/index.php\/negozio\/"},{"@type":"ListItem","position":3,"name":"SHAREBOT Q"}]},{"@type":"WebSite","@id":"https:\/\/www.3devolution.it\/#website","url":"https:\/\/www.3devolution.it\/","name":"3Devolution","description":"Tutto per la stampa 3d, filamenti, stampanti 3d","potentialAction":[{"@type":"SearchAction","target":{"@type":"EntryPoint","urlTemplate":"https:\/\/www.3devolution.it\/?s={search_term_string}"},"query-input":{"@type":"PropertyValueSpecification","valueRequired":true,"valueName":"search_term_string"}}],"inLanguage":"it-IT"}]}},"jetpack_sharing_enabled":true,"_links":{"self":[{"href":"https:\/\/www.3devolution.it\/index.php\/wp-json\/wp\/v2\/product\/3223","targetHints":{"allow":["GET"]}}],"collection":[{"href":"https:\/\/www.3devolution.it\/index.php\/wp-json\/wp\/v2\/product"}],"about":[{"href":"https:\/\/www.3devolution.it\/index.php\/wp-json\/wp\/v2\/types\/product"}],"replies":[{"embeddable":true,"href":"https:\/\/www.3devolution.it\/index.php\/wp-json\/wp\/v2\/comments?post=3223"}],"wp:featuredmedia":[{"embeddable":true,"href":"https:\/\/www.3devolution.it\/index.php\/wp-json\/wp\/v2\/media\/3627"}],"wp:attachment":[{"href":"https:\/\/www.3devolution.it\/index.php\/wp-json\/wp\/v2\/media?parent=3223"}],"wp:term":[{"taxonomy":"product_brand","embeddable":true,"href":"https:\/\/www.3devolution.it\/index.php\/wp-json\/wp\/v2\/product_brand?post=3223"},{"taxonomy":"product_cat","embeddable":true,"href":"https:\/\/www.3devolution.it\/index.php\/wp-json\/wp\/v2\/product_cat?post=3223"},{"taxonomy":"product_tag","embeddable":true,"href":"https:\/\/www.3devolution.it\/index.php\/wp-json\/wp\/v2\/product_tag?post=3223"}],"curies":[{"name":"wp","href":"https:\/\/api.w.org\/{rel}","templated":true}]}}